{"id":734,"date":"2023-04-17T16:14:02","date_gmt":"2023-04-17T14:14:02","guid":{"rendered":"https:\/\/eafc-ath.com\/?page_id=734"},"modified":"2023-04-19T16:15:00","modified_gmt":"2023-04-19T14:15:00","slug":"promosoc-days-2023","status":"publish","type":"page","link":"https:\/\/eafc-ath.com\/index.php\/promosoc-days-2023\/","title":{"rendered":"Promosoc&rsquo;Days 2023"},"content":{"rendered":"<p>[et_pb_section fb_built=\u00a0\u00bb1&Prime; fullwidth=\u00a0\u00bbon\u00a0\u00bb theme_builder_area=\u00a0\u00bbpost_content\u00a0\u00bb _builder_version=\u00a0\u00bb4.20.4&Prime; _module_preset=\u00a0\u00bbdefault\u00a0\u00bb custom_margin=\u00a0\u00bb-20px||||false|false\u00a0\u00bb hover_enabled=\u00a0\u00bb0&Prime; sticky_enabled=\u00a0\u00bb0&Prime;][et_pb_fullwidth_header _builder_version=\u00a0\u00bb4.20.4&Prime; _module_preset=\u00a0\u00bbdefault\u00a0\u00bb theme_builder_area=\u00a0\u00bbpost_content\u00a0\u00bb title_text=\u00a0\u00bbLogo-promo-soc-days\u00a0\u00bb background_image=\u00a0\u00bbhttps:\/\/eafc-ath.com\/wp-content\/uploads\/2023\/04\/Logo-promo-soc-days.jpg\u00a0\u00bb background_size=\u00a0\u00bbinitial\u00a0\u00bb background_color=\u00a0\u00bb#FFFFFF\u00a0\u00bb hover_enabled=\u00a0\u00bb0&Prime; sticky_enabled=\u00a0\u00bb0&Prime; custom_margin=\u00a0\u00bb||17px|||\u00a0\u00bb min_height=\u00a0\u00bb672.4px\u00a0\u00bb custom_padding=\u00a0\u00bb9px|||||\u00a0\u00bb][\/et_pb_fullwidth_header][\/et_pb_section][et_pb_section fb_built=\u00a0\u00bb1&Prime; admin_label=\u00a0\u00bbsection\u00a0\u00bb _builder_version=\u00a0\u00bb4.16&Prime; global_colors_info=\u00a0\u00bb{}\u00a0\u00bb theme_builder_area=\u00a0\u00bbpost_content\u00a0\u00bb][et_pb_row admin_label=\u00a0\u00bbrow\u00a0\u00bb _builder_version=\u00a0\u00bb4.16&Prime; background_size=\u00a0\u00bbinitial\u00a0\u00bb background_position=\u00a0\u00bbtop_left\u00a0\u00bb background_repeat=\u00a0\u00bbrepeat\u00a0\u00bb global_colors_info=\u00a0\u00bb{}\u00a0\u00bb theme_builder_area=\u00a0\u00bbpost_content\u00a0\u00bb custom_padding=\u00a0\u00bb||8px|||\u00a0\u00bb][et_pb_column type=\u00a0\u00bb4_4&Prime; _builder_version=\u00a0\u00bb4.16&Prime; custom_padding=\u00a0\u00bb|||\u00a0\u00bb global_colors_info=\u00a0\u00bb{}\u00a0\u00bb custom_padding__hover=\u00a0\u00bb|||\u00a0\u00bb theme_builder_area=\u00a0\u00bbpost_content\u00a0\u00bb][et_pb_text admin_label=\u00a0\u00bbText\u00a0\u00bb _builder_version=\u00a0\u00bb4.20.4&Prime; background_size=\u00a0\u00bbinitial\u00a0\u00bb background_position=\u00a0\u00bbtop_left\u00a0\u00bb background_repeat=\u00a0\u00bbrepeat\u00a0\u00bb hover_enabled=\u00a0\u00bb0&Prime; global_colors_info=\u00a0\u00bb{}\u00a0\u00bb theme_builder_area=\u00a0\u00bbpost_content\u00a0\u00bb sticky_enabled=\u00a0\u00bb0&Prime;]<\/p>\n<h1 class=\"title\"><strong><span style=\"color: #333399;\">PROMOTION SOCIALE<\/span><\/strong><\/h1>\n<h2><strong><span style=\"color: #333399;\">L&rsquo;ENSEIGNEMENT TOUT AU LONG DE LA VIE<\/span><\/strong><\/h2>\n<p><strong><span style=\"color: #333399;\"><\/span><\/strong><\/p>\n<div class=\"texte\">\n<h2>Un enseignement pour Adultes tout au long de la vie &amp; Formations Continu\u00e9es<span style=\"font-size: 14px;\">\u00a0<\/span><\/h2>\n<\/div>\n<p class=\"has-black-color has-text-color\"><strong><\/strong><\/p>\n<p><!-- \/wp:paragraph --><\/p>\n<p>[\/et_pb_text][\/et_pb_column][\/et_pb_row][et_pb_row _builder_version=\u00a0\u00bb4.20.4&Prime; _module_preset=\u00a0\u00bbdefault\u00a0\u00bb theme_builder_area=\u00a0\u00bbpost_content\u00a0\u00bb][et_pb_column _builder_version=\u00a0\u00bb4.20.4&Prime; _module_preset=\u00a0\u00bbdefault\u00a0\u00bb type=\u00a0\u00bb4_4&Prime; theme_builder_area=\u00a0\u00bbpost_content\u00a0\u00bb][et_pb_text _builder_version=\u00a0\u00bb4.20.4&Prime; _module_preset=\u00a0\u00bbdefault\u00a0\u00bb theme_builder_area=\u00a0\u00bbpost_content\u00a0\u00bb hover_enabled=\u00a0\u00bb0&Prime; sticky_enabled=\u00a0\u00bb0&Prime;]<\/p>\n<h2><span style=\"color: #ff9900;\"><strong>Au programme du 17 avril au 28 avril 2023<\/strong><\/span><\/h2>\n<p>[\/et_pb_text][\/et_pb_column][\/et_pb_row][et_pb_row _builder_version=\u00a0\u00bb4.20.4&Prime; _module_preset=\u00a0\u00bbdefault\u00a0\u00bb theme_builder_area=\u00a0\u00bbpost_content\u00a0\u00bb][et_pb_column _builder_version=\u00a0\u00bb4.20.4&Prime; _module_preset=\u00a0\u00bbdefault\u00a0\u00bb type=\u00a0\u00bb4_4&Prime; theme_builder_area=\u00a0\u00bbpost_content\u00a0\u00bb][et_pb_text _builder_version=\u00a0\u00bb4.20.4&Prime; _module_preset=\u00a0\u00bbdefault\u00a0\u00bb theme_builder_area=\u00a0\u00bbpost_content\u00a0\u00bb hover_enabled=\u00a0\u00bb0&Prime; sticky_enabled=\u00a0\u00bb0&Prime;]<\/p>\n<table width=\"643\">\n<tbody>\n<tr>\n<td width=\"134\">\n<p><strong>Section<\/strong><\/p>\n<\/td>\n<td width=\"118\">\n<p><strong>Activit\u00e9 d&rsquo;enseignement<\/strong><\/p>\n<\/td>\n<td width=\"113\">\n<p><strong>Activit\u00e9 d&rsquo;apprentissage<\/strong><\/p>\n<\/td>\n<td width=\"61\">\n<p><strong>Jour de l&rsquo;activit\u00e9<\/strong><\/p>\n<\/td>\n<td width=\"70\">\n<p><strong>Horaire de l&rsquo;activit\u00e9<\/strong><\/p>\n<\/td>\n<td width=\"102\">\n<p><strong>Enseignant<\/strong><\/p>\n<\/td>\n<td width=\"44\">\n<p><strong>Local<\/strong><\/p>\n<\/td>\n<\/tr>\n<tr>\n<td width=\"134\">\n<p>CAP<\/p>\n<\/td>\n<td width=\"118\">\n<p>Psychop\u00e9dagogie et M\u00e9thodologie g\u00e9n\u00e9rale<\/p>\n<\/td>\n<td width=\"113\">\n<p>Psychologie du d\u00e9veloppement<\/p>\n<\/td>\n<td width=\"61\">\n<p>18\/04\/2023<\/p>\n<\/td>\n<td width=\"70\">\n<p>17:30:00<\/p>\n<\/td>\n<td width=\"102\">\n<p>Toussaint Rapha\u00eblle<\/p>\n<\/td>\n<td width=\"44\">\n<p>4<\/p>\n<\/td>\n<\/tr>\n<tr>\n<td width=\"134\">\n<p>CAP<\/p>\n<\/td>\n<td width=\"118\">\n<p>Didactiques des sciences et techniques de la sant\u00e9<\/p>\n<\/td>\n<td width=\"113\">\n<p>Pr\u00e9sentation des s\u00e9ances dans le cadre de l&rsquo;\u00e9valuation certificative des 2\u00e8mes<\/p>\n<\/td>\n<td width=\"61\">\n<p>20\/04\/2023<\/p>\n<\/td>\n<td width=\"70\">\n<p>17:45:00<\/p>\n<\/td>\n<td width=\"102\">\n<p>Toussaint Rapha\u00eblle<\/p>\n<\/td>\n<td width=\"44\">\n<p>9<\/p>\n<\/td>\n<\/tr>\n<tr>\n<td width=\"134\">\n<p>AIDE-SOIGNANT<\/p>\n<\/td>\n<td width=\"118\">\n<p>Activit\u00e9s de la vie journali\u00e8re<\/p>\n<\/td>\n<td width=\"113\">\n<p>Manutention<\/p>\n<\/td>\n<td width=\"61\">\n<p>21\/04\/2023<\/p>\n<\/td>\n<td width=\"70\">\n<p>10:00:00<\/p>\n<\/td>\n<td width=\"102\">\n<p>Ingrid Vissenaekens<\/p>\n<\/td>\n<td width=\"44\">\n<p>1<\/p>\n<\/td>\n<\/tr>\n<tr>\n<td width=\"134\">\n<p>\u00c9DUCATEUR A2<\/p>\n<\/td>\n<td width=\"118\">\n<p>Approche M\u00e9thodologie<\/p>\n<\/td>\n<td width=\"113\">\n<p>Didactique des activit\u00e9s: Synergie<\/p>\n<\/td>\n<td width=\"61\">\n<p>24\/04\/2023<\/p>\n<\/td>\n<td width=\"70\">\n<p>10:30:00<\/p>\n<\/td>\n<td width=\"102\">\n<p>Silvestro Zitelli<\/p>\n<\/td>\n<td width=\"44\">\n<p>8<\/p>\n<\/td>\n<\/tr>\n<tr>\n<td width=\"134\">\n<p>LANGUES<\/p>\n<\/td>\n<td width=\"118\">\n<p>FLE<\/p>\n<\/td>\n<td width=\"113\">\n<p>Au restaurant<\/p>\n<\/td>\n<td width=\"61\">\n<p>24\/04\/2023<\/p>\n<\/td>\n<td width=\"70\">\n<p>09:00:00<\/p>\n<\/td>\n<td width=\"102\">\n<p>Cattiez Anne-Laure<\/p>\n<\/td>\n<td width=\"44\">\n<p>8<\/p>\n<\/td>\n<\/tr>\n<tr>\n<td width=\"134\">\n<p>LANGUES<\/p>\n<\/td>\n<td width=\"118\">\n<p>Anglais<\/p>\n<\/td>\n<td width=\"113\">\n<p>La chanson<\/p>\n<\/td>\n<td width=\"61\">\n<p>25\/04\/2023<\/p>\n<\/td>\n<td width=\"70\">\n<p>19:30:00<\/p>\n<\/td>\n<td width=\"102\">\n<p>Isabelle Andr\u00e9<\/p>\n<\/td>\n<td width=\"44\">\n<p>2<\/p>\n<\/td>\n<\/tr>\n<tr>\n<td width=\"134\">\n<p>LANGUES<\/p>\n<\/td>\n<td width=\"118\">\n<p>Espagnol UE4<\/p>\n<\/td>\n<td width=\"113\">\n<p>Contar es cosa de&#8230;<\/p>\n<\/td>\n<td width=\"61\">\n<p>26\/04\/2023<\/p>\n<\/td>\n<td width=\"70\">\n<p>19:00:00<\/p>\n<\/td>\n<td width=\"102\">\n<p>Citlali Clairin V\u00e1zquez<\/p>\n<\/td>\n<td width=\"44\">\n<p>1<\/p>\n<\/td>\n<\/tr>\n<tr>\n<td width=\"134\">\n<p>LANGUES<\/p>\n<\/td>\n<td width=\"118\">\n<p>Anglais &#8211; pr\u00e9sentation t\u00e2che finale unit Music<\/p>\n<\/td>\n<td width=\"113\">\n<p>Present a music genre on a radio show + interview<\/p>\n<\/td>\n<td width=\"61\">\n<p>27\/04\/2023<\/p>\n<\/td>\n<td width=\"70\">\n<p>18:00:00<\/p>\n<\/td>\n<td width=\"102\">\n<p>Fred Cobaux<\/p>\n<\/td>\n<td width=\"44\">\n<p>10<\/p>\n<\/td>\n<\/tr>\n<tr>\n<td width=\"134\">\n<p>LANGUES<\/p>\n<\/td>\n<td width=\"118\">\n<p>Anglais UE3<\/p>\n<\/td>\n<td width=\"113\">\n<p>Le voyage<\/p>\n<\/td>\n<td width=\"61\">\n<p>27\/04\/2023<\/p>\n<\/td>\n<td width=\"70\">\n<p>18:00:00<\/p>\n<\/td>\n<td width=\"102\">\n<p>Chlo\u00e9 Delbart<\/p>\n<\/td>\n<td width=\"44\">\n<p>2<\/p>\n<\/td>\n<\/tr>\n<tr>\n<td width=\"134\">\n<p>AIDE-SOIGNANT<\/p>\n<\/td>\n<td width=\"118\">\n<p>Activit\u00e9 infirmi\u00e8re d\u00e9l\u00e9gu\u00e9e<\/p>\n<\/td>\n<td width=\"113\">\n<p>Sensibilisation au vieillissement \/ soins au patient<\/p>\n<\/td>\n<td width=\"61\">\n<p>27\/04\/2023<\/p>\n<\/td>\n<td width=\"70\">\n<p>10:30:00<\/p>\n<\/td>\n<td width=\"102\">\n<p>Van elsuwege St\u00e9phane<\/p>\n<\/td>\n<td width=\"44\">\n<p>9<\/p>\n<\/td>\n<\/tr>\n<tr>\n<td width=\"134\">\n<p>LANGUES<\/p>\n<\/td>\n<td width=\"118\">\n<p>Anglais<\/p>\n<\/td>\n<td width=\"113\">\n<p>The house!<\/p>\n<\/td>\n<td width=\"61\">\n<p>27\/04\/2023<\/p>\n<\/td>\n<td width=\"70\">\n<p>18:00:00<\/p>\n<\/td>\n<td width=\"102\">\n<p>Gossuin Justine<\/p>\n<\/td>\n<td width=\"44\">\n<p>8<\/p>\n<\/td>\n<\/tr>\n<tr>\n<td width=\"134\">\n<p>TECHNICIEN DE BUREAU<\/p>\n<\/td>\n<td width=\"118\">\n<p>Techniques d\u2019accueil<\/p>\n<\/td>\n<td width=\"113\">\n<p>L\u2019accueil t\u00e9l\u00e9phonique<\/p>\n<\/td>\n<td width=\"61\">\n<p>28\/04\/2023<\/p>\n<\/td>\n<td width=\"70\">\n<p>10:30:00<\/p>\n<\/td>\n<td width=\"102\">\n<p>DUSSENNE Roselyne<\/p>\n<\/td>\n<td width=\"44\">\n<p>7<\/p>\n<\/td>\n<\/tr>\n<\/tbody>\n<\/table>\n<p>[\/et_pb_text][\/et_pb_column][\/et_pb_row][\/et_pb_section]<\/p>\n","protected":false},"excerpt":{"rendered":"<p>PROMOTION SOCIALE L&rsquo;ENSEIGNEMENT TOUT AU LONG DE LA VIE Un enseignement pour Adultes tout au long de la vie &amp; Formations Continu\u00e9es\u00a0 Au programme du 17 avril au 28 avril 2023 Section Activit\u00e9 d&rsquo;enseignement Activit\u00e9 d&rsquo;apprentissage Jour de l&rsquo;activit\u00e9 Horaire de l&rsquo;activit\u00e9 Enseignant Local CAP Psychop\u00e9dagogie et M\u00e9thodologie g\u00e9n\u00e9rale Psychologie du d\u00e9veloppement 18\/04\/2023 17:30:00 Toussaint [&hellip;]<\/p>\n","protected":false},"author":1,"featured_media":0,"parent":0,"menu_order":0,"comment_status":"closed","ping_status":"closed","template":"","meta":{"_et_pb_use_builder":"on","_et_pb_old_content":"","_et_gb_content_width":""},"_links":{"self":[{"href":"https:\/\/eafc-ath.com\/index.php\/wp-json\/wp\/v2\/pages\/734"}],"collection":[{"href":"https:\/\/eafc-ath.com\/index.php\/wp-json\/wp\/v2\/pages"}],"about":[{"href":"https:\/\/eafc-ath.com\/index.php\/wp-json\/wp\/v2\/types\/page"}],"author":[{"embeddable":true,"href":"https:\/\/eafc-ath.com\/index.php\/wp-json\/wp\/v2\/users\/1"}],"replies":[{"embeddable":true,"href":"https:\/\/eafc-ath.com\/index.php\/wp-json\/wp\/v2\/comments?post=734"}],"version-history":[{"count":4,"href":"https:\/\/eafc-ath.com\/index.php\/wp-json\/wp\/v2\/pages\/734\/revisions"}],"predecessor-version":[{"id":740,"href":"https:\/\/eafc-ath.com\/index.php\/wp-json\/wp\/v2\/pages\/734\/revisions\/740"}],"wp:attachment":[{"href":"https:\/\/eafc-ath.com\/index.php\/wp-json\/wp\/v2\/media?parent=734"}],"curies":[{"name":"wp","href":"https:\/\/api.w.org\/{rel}","templated":true}]}}