{"id":536,"date":"2022-02-27T18:25:39","date_gmt":"2022-02-27T17:25:39","guid":{"rendered":"https:\/\/eafc-ath.com\/?page_id=536"},"modified":"2022-03-27T10:57:52","modified_gmt":"2022-03-27T08:57:52","slug":"ue-actualisation","status":"publish","type":"page","link":"https:\/\/eafc-ath.com\/index.php\/ue-actualisation\/","title":{"rendered":"UE Actualisation"},"content":{"rendered":"<p>[et_pb_section fb_built=\u00a0\u00bb1&Prime; _builder_version=\u00a0\u00bb4.9.7&Prime; _module_preset=\u00a0\u00bbdefault\u00a0\u00bb][et_pb_row _builder_version=\u00a0\u00bb4.9.7&Prime; _module_preset=\u00a0\u00bbdefault\u00a0\u00bb][et_pb_column type=\u00a0\u00bb4_4&Prime; _builder_version=\u00a0\u00bb4.9.7&Prime; _module_preset=\u00a0\u00bbdefault\u00a0\u00bb][et_pb_text _builder_version=\u00a0\u00bb4.9.7&Prime; _module_preset=\u00a0\u00bbdefault\u00a0\u00bb text_text_color=\u00a0\u00bb#ffb84d\u00a0\u00bb text_font_size=\u00a0\u00bb30px\u00a0\u00bb]<\/p>\n<p><strong>UE Aide-soignant : actualisation des activit\u00e9s infirmi\u00e8res<\/strong><\/p>\n<p>[\/et_pb_text][\/et_pb_column][\/et_pb_row][et_pb_row column_structure=\u00a0\u00bb1_2,1_2&Prime; _builder_version=\u00a0\u00bb4.9.7&Prime; _module_preset=\u00a0\u00bbdefault\u00a0\u00bb][et_pb_column type=\u00a0\u00bb1_2&Prime; _builder_version=\u00a0\u00bb4.9.7&Prime; _module_preset=\u00a0\u00bbdefault\u00a0\u00bb background_enable_image=\u00a0\u00bboff\u00a0\u00bb][et_pb_image src=\u00a0\u00bbhttps:\/\/eafc-ath.com\/wp-content\/uploads\/2021\/07\/nurse-taking-care-of-an-old-woman-min-scaled.jpeg\u00a0\u00bb title_text=\u00a0\u00bbnurse-taking-care-of-an-old-woman-min\u00a0\u00bb _builder_version=\u00a0\u00bb4.9.7&Prime; _module_preset=\u00a0\u00bbdefault\u00a0\u00bb box_shadow_style=\u00a0\u00bbpreset2&Prime; box_shadow_horizontal__hover_enabled=\u00a0\u00bbon|hover\u00a0\u00bb box_shadow_horizontal__hover=\u00a0\u00bb14px\u00a0\u00bb][\/et_pb_image][\/et_pb_column][et_pb_column type=\u00a0\u00bb1_2&Prime; _builder_version=\u00a0\u00bb4.9.7&Prime; _module_preset=\u00a0\u00bbdefault\u00a0\u00bb][\/et_pb_column][\/et_pb_row][et_pb_row _builder_version=\u00a0\u00bb4.9.7&Prime; _module_preset=\u00a0\u00bbdefault\u00a0\u00bb][et_pb_column type=\u00a0\u00bb4_4&Prime; _builder_version=\u00a0\u00bb4.9.7&Prime; _module_preset=\u00a0\u00bbdefault\u00a0\u00bb][et_pb_text _builder_version=\u00a0\u00bb4.9.7&Prime; _module_preset=\u00a0\u00bbdefault\u00a0\u00bb text_text_color=\u00a0\u00bb#FFFFFF\u00a0\u00bb text_font_size=\u00a0\u00bb20px\u00a0\u00bb background_color=\u00a0\u00bb#ffce54&Prime; custom_padding=\u00a0\u00bb20px||20px||false|false\u00a0\u00bb]<\/p>\n<p style=\"text-align: center;\"><strong>Aspects th\u00e9oriques et pratiques<\/strong><\/p>\n<p>[\/et_pb_text][\/et_pb_column][\/et_pb_row][et_pb_row _builder_version=\u00a0\u00bb4.9.7&Prime; _module_preset=\u00a0\u00bbdefault\u00a0\u00bb][et_pb_column type=\u00a0\u00bb4_4&Prime; _builder_version=\u00a0\u00bb4.9.7&Prime; _module_preset=\u00a0\u00bbdefault\u00a0\u00bb][et_pb_text _builder_version=\u00a0\u00bb4.9.7&Prime; _module_preset=\u00a0\u00bbdefault\u00a0\u00bb text_text_color=\u00a0\u00bb#000000&Prime; text_font_size=\u00a0\u00bb16px\u00a0\u00bb]<\/p>\n<p><span>Cette unit\u00e9 d\u2019enseignement contribue \u00e0 rencontrer les dispositions l\u00e9gales de l\u2019Arr\u00eat\u00e9 royal du<\/span> <span>27 f\u00e9vrier 2019 modifiant l\u2019Arr\u00eat\u00e9 royal du 12 janvier 2006 (Moniteur Belge du 18 mars 2019)<\/span> <span>fixant les activit\u00e9s infirmi\u00e8res qui peuvent \u00eatre effectu\u00e9es par des aides-soignants et les<\/span><br \/><span>conditions dans lesquelles ces aides-soignants peuvent poser ces actes.<\/span><br \/><span>Cette unit\u00e9 d\u2019enseignement vise \u00e0 permettre \u00e0 l\u2019\u00e9tudiant d\u2019acqu\u00e9rir les connaissances<\/span><br \/><span>n\u00e9cessaires \u00e0 l\u2019\u00e9largissement de la fonction d\u2019aide-soignant pr\u00e9vu par l\u2019Arr\u00eat\u00e9 royal pr\u00e9cit\u00e9.<\/span><\/p>\n<p><span>En particulier, cette unit\u00e9 d\u2019enseignement vise \u00e0 permettre \u00e0 l\u2019\u00e9tudiant :<\/span><\/p>\n<ul>\n<li><span> <\/span><span>d\u2019accro\u00eetre ses connaissances th\u00e9oriques et pratiques relatives aux activit\u00e9s d\u00e9l\u00e9gu\u00e9es par<\/span> <span>un infirmier apr\u00e8s que ce dernier ait \u00e9valu\u00e9 l\u2019\u00e9tat du b\u00e9n\u00e9ficiaire de soins ;<\/span><\/li>\n<li><span> <\/span><span>d\u2019identifier les conditions de mise en \u0153uvre de ces nouvelles activit\u00e9s infirmi\u00e8res, dans un<\/span> <span>contexte de d\u00e9l\u00e9gation ;<\/span><\/li>\n<li><span> <\/span><span>de mettre en \u0153uvre les premiers secours.<\/span><\/li>\n<\/ul>\n<p>[\/et_pb_text][\/et_pb_column][\/et_pb_row][et_pb_row _builder_version=\u00a0\u00bb4.9.7&Prime; _module_preset=\u00a0\u00bbdefault\u00a0\u00bb][et_pb_column type=\u00a0\u00bb4_4&Prime; _builder_version=\u00a0\u00bb4.9.7&Prime; _module_preset=\u00a0\u00bbdefault\u00a0\u00bb][et_pb_text _builder_version=\u00a0\u00bb4.9.7&Prime; _module_preset=\u00a0\u00bbdefault\u00a0\u00bb text_text_color=\u00a0\u00bb#FFFFFF\u00a0\u00bb text_font_size=\u00a0\u00bb20px\u00a0\u00bb background_color=\u00a0\u00bb#ffce54&Prime; custom_padding=\u00a0\u00bb20px||20px||false|false\u00a0\u00bb]<\/p>\n<p style=\"text-align: center;\"><strong>D\u00e9bouch\u00e9s<\/strong><\/p>\n<p>[\/et_pb_text][\/et_pb_column][\/et_pb_row][et_pb_row column_structure=\u00a0\u00bb1_2,1_2&Prime; _builder_version=\u00a0\u00bb4.9.7&Prime; _module_preset=\u00a0\u00bbdefault\u00a0\u00bb][et_pb_column type=\u00a0\u00bb1_2&Prime; _builder_version=\u00a0\u00bb4.9.7&Prime; _module_preset=\u00a0\u00bbdefault\u00a0\u00bb][et_pb_text _builder_version=\u00a0\u00bb4.9.7&Prime; _module_preset=\u00a0\u00bbdefault\u00a0\u00bb text_text_color=\u00a0\u00bb#000000&Prime; text_font_size=\u00a0\u00bb16px\u00a0\u00bb]<\/p>\n<ul>\n<li>Services et institutions hospitaliers ;<\/li>\n<li>Maisons de repos agr\u00e9\u00e9es ;<\/li>\n<li>Maisons de repos et de soins agr\u00e9\u00e9es ;<\/li>\n<li>Maison de soins psychiatriques agr\u00e9\u00e9es ;<\/li>\n<\/ul>\n<p>[\/et_pb_text][\/et_pb_column][et_pb_column type=\u00a0\u00bb1_2&Prime; _builder_version=\u00a0\u00bb4.9.7&Prime; _module_preset=\u00a0\u00bbdefault\u00a0\u00bb][et_pb_text _builder_version=\u00a0\u00bb4.9.7&Prime; _module_preset=\u00a0\u00bbdefault\u00a0\u00bb text_text_color=\u00a0\u00bb#000000&Prime; text_font_size=\u00a0\u00bb16px\u00a0\u00bb]<\/p>\n<ul>\n<li>Centres de soins de jour agr\u00e9\u00e9s ;<\/li>\n<li>Centres de court s\u00e9jour agr\u00e9\u00e9s ;<\/li>\n<li>Institutions qui constituent le domicile ou la r\u00e9sidence ;<\/li>\n<li>Secteur des soins \u00e0 domicile.<\/li>\n<\/ul>\n<p>[\/et_pb_text][\/et_pb_column][\/et_pb_row][et_pb_row _builder_version=\u00a0\u00bb4.9.7&Prime; _module_preset=\u00a0\u00bbdefault\u00a0\u00bb][et_pb_column type=\u00a0\u00bb4_4&Prime; _builder_version=\u00a0\u00bb4.9.7&Prime; _module_preset=\u00a0\u00bbdefault\u00a0\u00bb][et_pb_text _builder_version=\u00a0\u00bb4.9.7&Prime; _module_preset=\u00a0\u00bbdefault\u00a0\u00bb text_text_color=\u00a0\u00bb#FFFFFF\u00a0\u00bb text_font_size=\u00a0\u00bb20px\u00a0\u00bb background_color=\u00a0\u00bb#ffce54&Prime; custom_padding=\u00a0\u00bb20px||20px||false|false\u00a0\u00bb hover_enabled=\u00a0\u00bb0&Prime; sticky_enabled=\u00a0\u00bb0&Prime;]<\/p>\n<p style=\"text-align: center;\"><strong>T\u00e2ches<\/strong><strong><\/strong><\/p>\n<p>[\/et_pb_text][\/et_pb_column][\/et_pb_row][et_pb_row _builder_version=\u00a0\u00bb4.9.7&Prime; _module_preset=\u00a0\u00bbdefault\u00a0\u00bb][et_pb_column type=\u00a0\u00bb4_4&Prime; _builder_version=\u00a0\u00bb4.9.7&Prime; _module_preset=\u00a0\u00bbdefault\u00a0\u00bb][et_pb_text _builder_version=\u00a0\u00bb4.9.7&Prime; _module_preset=\u00a0\u00bbdefault\u00a0\u00bb text_text_color=\u00a0\u00bb#000000&Prime; text_font_size=\u00a0\u00bb16px\u00a0\u00bb]<\/p>\n<p>L&rsquo;\u00e9tudiant sera capable,<\/p>\n<p>En Activit\u00e9s infirmi\u00e8res d\u00e9l\u00e9gu\u00e9es : premiers secours au d\u00e9part de situations exemplatives de premiers secours.<\/p>\n<ul>\n<li>de situer sa place d\u2019aide-soignant dans la cha\u00eene des secours ;<\/li>\n<li>d\u2019appliquer les r\u00e8gles essentielles d\u2019intervention :\n<ul>\n<li>aborder la situation avec calme,<\/li>\n<li>s\u00e9curiser l\u2019environnement et la victime afin d\u2019\u00e9viter le suraccident,<\/li>\n<li>d\u00e9placer la victime en cas d\u2019urgence,<\/li>\n<li>r\u00e9aliser un bilan global en ce compris celui des fonctions vitales,<\/li>\n<li>identifier les situations \u00e0 risque qui n\u00e9cessitent l\u2019alerte ad\u00e9quate d\u2019une personne comp\u00e9tente ou des services de secours,<\/li>\n<li>contacter la personne ou le service de secours comp\u00e9tent ;<\/li>\n<\/ul>\n<\/li>\n<li>d\u2019effectuer les premiers gestes :\n<ul>\n<li>de d\u00e9sobstruction ;<\/li>\n<li>de placement d\u2019une victime en position ; lat\u00e9rale de s\u00e9curit\u00e9 (PLS) ;<\/li>\n<li>de r\u00e9animation cardio-pulmonaire (RCP) ;<\/li>\n<\/ul>\n<\/li>\n<\/ul>\n<p><span>En Activit\u00e9s infirmi\u00e8res d\u00e9l\u00e9gu\u00e9es : principes de d\u00e9l\u00e9gation.<\/span><br \/><span>Enoncer les principes g\u00e9n\u00e9raux de la d\u00e9l\u00e9gation et les obligations qui en d\u00e9coulent ;<\/span><\/p>\n<ul>\n<li><span> <\/span><span>d\u2019appr\u00e9hender les sp\u00e9cificit\u00e9s de la d\u00e9l\u00e9gation dans le secteur des soins de sant\u00e9 ainsi que les<\/span> <span>responsabilit\u00e9s qui incombent aux diff\u00e9rents intervenants ;<\/span><\/li>\n<li><span>de pr\u00e9ciser les conditions dans lesquelles peuvent se r\u00e9aliser les actes infirmiers d\u00e9l\u00e9gu\u00e9s \u00e0<\/span><br \/><span>savoir les proc\u00e9dures de d\u00e9l\u00e9gation et de contr\u00f4le mises en place par l\u2019infirmier au sein d\u2019une<\/span><br \/><span>\u00e9quipe structur\u00e9e.<\/span><\/li>\n<\/ul>\n<p><span>En activit\u00e9s infirmi\u00e8res d\u00e9l\u00e9gu\u00e9es : aspects th\u00e9oriques<\/span> <span>Conform\u00e9ment \u00e0 la l\u00e9gislation en vigueur :<\/span><\/p>\n<p><span><\/span><\/p>\n<ul>\n<li><span> <\/span><span>d\u2019\u00e9noncer et d\u00e9finir les nouveaux actes infirmiers d\u00e9l\u00e9gu\u00e9s ;<\/span><\/li>\n<li><span> <\/span><span>de situer les nouveaux actes infirmiers d\u00e9l\u00e9gu\u00e9s dans le plan de soins,<\/span><\/li>\n<li><span> <\/span><span>de les int\u00e9grer dans la continuit\u00e9 des soins visant l\u2019aide aux patients dans les actes de la vie<\/span><br \/><span>quotidienne (A.V.Q.), la pr\u00e9servation de leur autonomie et le maintien de leur qualit\u00e9 de vie ;<\/span><\/li>\n<li><span> <\/span><span>d\u2019identifier les \u00e9l\u00e9ments qui rel\u00e8vent de sa responsabilit\u00e9 dans la tenue \u00e0 jour du dossier infirmier<\/span> <span>des patients et dans la pr\u00e9paration, la gestion et la maintenance du mat\u00e9riel ;<\/span><\/li>\n<li><span> <\/span><span>de faire des liens entre les apports th\u00e9oriques relatifs \u00e0 l\u2019anatomo-physiologie et \u00e0 la<\/span><br \/><span>pharmacologie qui sous-tendent les nouvelles activit\u00e9s infirmi\u00e8res d\u00e9l\u00e9gu\u00e9es;<\/span><\/li>\n<li><span> <\/span><span>de d\u00e9finir des notions de base en pharmacologie telles que : gal\u00e9nique, g\u00e9n\u00e9rique, posologie,<\/span><br \/><span>effets recherch\u00e9s, effets secondaires &#8230; ;<\/span><\/li>\n<li><span> <\/span><span>de situer le r\u00f4le et les limites de sa profession dans le cadre du conditionnement, de la<\/span><br \/><span>distribution et de la surveillance des m\u00e9dicaments ;<\/span><\/li>\n<li><span>d\u2019observer et de transmettre les effets de la prise d\u2019un m\u00e9dicament par un patient, tel que :<\/span><br \/><span>antidouleur, antibiotique, anticoagulant, cortico\u00efde, diur\u00e9tique.<\/span><\/li>\n<\/ul>\n<p><span>En activit\u00e9s infirmi\u00e8res d\u00e9l\u00e9gu\u00e9es : pratique professionnelle<br \/>Au d\u00e9part de situations exemplatives, dans les limites de ses fonctions et conform\u00e9ment \u00e0 la l\u00e9gislation en vigueur, et pour autant que l\u2019infirmier ait lui-m\u00eame \u00e9valu\u00e9 l\u2019\u00e9tat du patient avant la d\u00e9l\u00e9gation :<\/span><\/p>\n<p><span><\/span><\/p>\n<ul>\n<li><span> <\/span><span>de prendre les param\u00e8tres, notamment la tension art\u00e9rielle, la fr\u00e9quence respiratoire, la<\/span><br \/><span>saturation et la glyc\u00e9mie par pr\u00e9l\u00e8vement sanguin capillaire, et de transmettre les r\u00e9sultats \u00e0<\/span> <span>l\u2019infirmier ;<\/span><\/li>\n<li><span> <\/span><span>d\u2019administrer des m\u00e9dicaments, \u00e0 l\u2019exclusion des substances stup\u00e9fiantes, par voie orale,<\/span><br \/><span>respiratoire (inhalation, a\u00e9rosolth\u00e9rapie et oxyg\u00e9noth\u00e9rapie), rectale, oculaire, auriculaire<\/span><span>,<\/span><br \/><span>percutan\u00e9e et sous-cutan\u00e9e (uniquement pour les injections d\u2019h\u00e9parine fractionn\u00e9e), pr\u00e9par\u00e9s et<\/span> <span>personnalis\u00e9s par un infirmier ou un pharmacien ;<\/span><\/li>\n<li><span> <\/span><span>d\u2019hydrater et alimenter par voie orale un b\u00e9n\u00e9ficiaire de soins atteint de troubles de d\u00e9glutition<\/span> <span>et\/ou porteur d\u2019une sonde d\u2019alimentation (\u00e0 l\u2019exclusion de l\u2019hydratation et l\u2019alimentation par le<\/span> <span>biais de la sonde) et de transmettre les observations et probl\u00e8mes \u00e9ventuels ;<\/span><\/li>\n<li><span> <\/span><span>de pratiquer manuellement l\u2019enl\u00e8vement d\u2019un f\u00e9calome et de transmettre les observations et<\/span> <span>probl\u00e8mes \u00e9ventuels ;<\/span><\/li>\n<li><span> <\/span><span>d\u2019enlever et de remettre les bandes \u00e9lastiques et les bas destin\u00e9s \u00e0 pr\u00e9venir et\/ou traiter des<\/span> <span>affections veineuses ;<\/span><\/li>\n<li><span> <\/span><span>de transmettre les informations n\u00e9cessaires au suivi de la d\u00e9l\u00e9gation et \u00e0 son contr\u00f4le.<\/span><\/li>\n<\/ul>\n<p>[\/et_pb_text][\/et_pb_column][\/et_pb_row][et_pb_row _builder_version=\u00a0\u00bb4.9.7&Prime; _module_preset=\u00a0\u00bbdefault\u00a0\u00bb][et_pb_column type=\u00a0\u00bb4_4&Prime; _builder_version=\u00a0\u00bb4.9.7&Prime; _module_preset=\u00a0\u00bbdefault\u00a0\u00bb][et_pb_text _builder_version=\u00a0\u00bb4.9.7&Prime; _module_preset=\u00a0\u00bbdefault\u00a0\u00bb text_text_color=\u00a0\u00bb#FFFFFF\u00a0\u00bb text_font_size=\u00a0\u00bb20px\u00a0\u00bb background_color=\u00a0\u00bb#ffce54&Prime; custom_padding=\u00a0\u00bb20px||20px||false|false\u00a0\u00bb hover_enabled=\u00a0\u00bb0&Prime; sticky_enabled=\u00a0\u00bb0&Prime;]<\/p>\n<p style=\"text-align: center;\"><strong>Documents<\/strong><strong><\/strong><\/p>\n<p>[\/et_pb_text][\/et_pb_column][\/et_pb_row][et_pb_row column_structure=\u00a0\u00bb1_5,1_5,1_5,1_5,1_5&Prime; _builder_version=\u00a0\u00bb4.9.7&Prime; _module_preset=\u00a0\u00bbdefault\u00a0\u00bb][et_pb_column type=\u00a0\u00bb1_5&Prime; _builder_version=\u00a0\u00bb4.9.7&Prime; _module_preset=\u00a0\u00bbdefault\u00a0\u00bb][et_pb_image src=\u00a0\u00bbhttps:\/\/eafc-ath.com\/wp-content\/uploads\/2021\/07\/833px-PDF_file_icon.svg_.png\u00a0\u00bb title_text=\u00a0\u00bb833px-PDF_file_icon.svg\u00a0\u00bb url=\u00a0\u00bbhttps:\/\/eafc-ath.com\/wp-content\/uploads\/2022\/03\/821010S20D1-AS-Actualisation-8-TER-VF-DOC.doc\u00a0\u00bb url_new_window=\u00a0\u00bbon\u00a0\u00bb align=\u00a0\u00bbcenter\u00a0\u00bb _builder_version=\u00a0\u00bb4.9.7&Prime; _module_preset=\u00a0\u00bbdefault\u00a0\u00bb width=\u00a0\u00bb50%\u00a0\u00bb module_alignment=\u00a0\u00bbcenter\u00a0\u00bb min_height=\u00a0\u00bb100px\u00a0\u00bb hover_enabled=\u00a0\u00bb0&Prime; sticky_enabled=\u00a0\u00bb0&Prime;][\/et_pb_image][et_pb_text _builder_version=\u00a0\u00bb4.9.7&Prime; _module_preset=\u00a0\u00bbdefault\u00a0\u00bb text_text_color=\u00a0\u00bb#000000&Prime; link_option_url=\u00a0\u00bbhttps:\/\/eafc-ath.com\/wp-content\/uploads\/2022\/03\/821010S20D1-AS-Actualisation-8-TER-VF-DOC.doc\u00a0\u00bb link_option_url_new_window=\u00a0\u00bbon\u00a0\u00bb hover_enabled=\u00a0\u00bb0&Prime; sticky_enabled=\u00a0\u00bb0&Prime;]<\/p>\n<p style=\"text-align: center;\"><strong>Dossier p\u00e9dagogique<\/strong><\/p>\n<p>[\/et_pb_text][\/et_pb_column][et_pb_column type=\u00a0\u00bb1_5&Prime; _builder_version=\u00a0\u00bb4.9.7&Prime; _module_preset=\u00a0\u00bbdefault\u00a0\u00bb][et_pb_image src=\u00a0\u00bbhttps:\/\/eafc-ath.com\/wp-content\/uploads\/2021\/07\/833px-PDF_file_icon.svg_.png\u00a0\u00bb title_text=\u00a0\u00bb833px-PDF_file_icon.svg\u00a0\u00bb url=\u00a0\u00bbhttps:\/\/eafc-ath.com\/wp-content\/uploads\/2022\/03\/821012U21D1-AS-Actualisation-UE-the\u0301orique-VF-1.docx\u00a0\u00bb url_new_window=\u00a0\u00bbon\u00a0\u00bb align=\u00a0\u00bbcenter\u00a0\u00bb _builder_version=\u00a0\u00bb4.9.7&Prime; _module_preset=\u00a0\u00bbdefault\u00a0\u00bb width=\u00a0\u00bb50%\u00a0\u00bb module_alignment=\u00a0\u00bbcenter\u00a0\u00bb min_height=\u00a0\u00bb100px\u00a0\u00bb hover_enabled=\u00a0\u00bb0&Prime; sticky_enabled=\u00a0\u00bb0&Prime;][\/et_pb_image][et_pb_text _builder_version=\u00a0\u00bb4.9.7&Prime; _module_preset=\u00a0\u00bbdefault\u00a0\u00bb text_text_color=\u00a0\u00bb#000000&Prime; link_option_url=\u00a0\u00bbhttps:\/\/eafc-ath.com\/wp-content\/uploads\/2022\/03\/821012U21D1-AS-Actualisation-UE-the\u0301orique-VF-1.docx\u00a0\u00bb link_option_url_new_window=\u00a0\u00bbon\u00a0\u00bb hover_enabled=\u00a0\u00bb0&Prime; sticky_enabled=\u00a0\u00bb0&Prime;]<\/p>\n<p style=\"text-align: center;\"><strong>Aspects th\u00e9oriques et pratiques<\/strong><\/p>\n<p>[\/et_pb_text][\/et_pb_column][et_pb_column type=\u00a0\u00bb1_5&Prime; _builder_version=\u00a0\u00bb4.9.7&Prime; _module_preset=\u00a0\u00bbdefault\u00a0\u00bb][et_pb_image src=\u00a0\u00bbhttps:\/\/eafc-ath.com\/wp-content\/uploads\/2021\/07\/833px-PDF_file_icon.svg_.png\u00a0\u00bb title_text=\u00a0\u00bb833px-PDF_file_icon.svg\u00a0\u00bb url=\u00a0\u00bbhttps:\/\/eafc-ath.com\/wp-content\/uploads\/2022\/03\/821013U21D1-AS-Actualisation-UE-Stage-VF-2.docx\u00a0\u00bb url_new_window=\u00a0\u00bbon\u00a0\u00bb align=\u00a0\u00bbcenter\u00a0\u00bb _builder_version=\u00a0\u00bb4.9.7&Prime; _module_preset=\u00a0\u00bbdefault\u00a0\u00bb width=\u00a0\u00bb50%\u00a0\u00bb module_alignment=\u00a0\u00bbcenter\u00a0\u00bb min_height=\u00a0\u00bb100px\u00a0\u00bb hover_enabled=\u00a0\u00bb0&Prime; sticky_enabled=\u00a0\u00bb0&Prime;][\/et_pb_image][et_pb_text _builder_version=\u00a0\u00bb4.9.7&Prime; _module_preset=\u00a0\u00bbdefault\u00a0\u00bb text_text_color=\u00a0\u00bb#000000&Prime; link_option_url=\u00a0\u00bbhttps:\/\/eafc-ath.com\/wp-content\/uploads\/2022\/03\/821013U21D1-AS-Actualisation-UE-Stage-VF-2.docx\u00a0\u00bb link_option_url_new_window=\u00a0\u00bbon\u00a0\u00bb hover_enabled=\u00a0\u00bb0&Prime; sticky_enabled=\u00a0\u00bb0&Prime;]<\/p>\n<p style=\"text-align: center;\"><strong>Stages<\/strong><\/p>\n<p>[\/et_pb_text][\/et_pb_column][et_pb_column type=\u00a0\u00bb1_5&Prime; _builder_version=\u00a0\u00bb4.9.7&Prime; _module_preset=\u00a0\u00bbdefault\u00a0\u00bb][et_pb_image src=\u00a0\u00bbhttps:\/\/eafc-ath.com\/wp-content\/uploads\/2021\/07\/833px-PDF_file_icon.svg_.png\u00a0\u00bb title_text=\u00a0\u00bb833px-PDF_file_icon.svg\u00a0\u00bb url=\u00a0\u00bbhttps:\/\/eafc-ath.com\/wp-content\/uploads\/2022\/03\/d190719-Aide-soignant-actual-en-vue-de-lex-nouv-activite\u0301s-infirmie\u0300res-de\u0301le\u0301gue\u0301es-A.R.-du-27-02-2019.doc\u00a0\u00bb url_new_window=\u00a0\u00bbon\u00a0\u00bb align=\u00a0\u00bbcenter\u00a0\u00bb _builder_version=\u00a0\u00bb4.9.7&Prime; _module_preset=\u00a0\u00bbdefault\u00a0\u00bb width=\u00a0\u00bb50%\u00a0\u00bb module_alignment=\u00a0\u00bbcenter\u00a0\u00bb min_height=\u00a0\u00bb100px\u00a0\u00bb hover_enabled=\u00a0\u00bb0&Prime; sticky_enabled=\u00a0\u00bb0&Prime;][\/et_pb_image][et_pb_text _builder_version=\u00a0\u00bb4.9.7&Prime; _module_preset=\u00a0\u00bbdefault\u00a0\u00bb text_text_color=\u00a0\u00bb#000000&Prime; link_option_url=\u00a0\u00bbhttps:\/\/eafc-ath.com\/wp-content\/uploads\/2022\/03\/d190719-Aide-soignant-actual-en-vue-de-lex-nouv-activite\u0301s-infirmie\u0300res-de\u0301le\u0301gue\u0301es-A.R.-du-27-02-2019.doc\u00a0\u00bb link_option_url_new_window=\u00a0\u00bbon\u00a0\u00bb hover_enabled=\u00a0\u00bb0&Prime; sticky_enabled=\u00a0\u00bb0&Prime;]<\/p>\n<p style=\"text-align: center;\"><strong>Tableau de concordance\u00a0<\/strong><\/p>\n<p>[\/et_pb_text][\/et_pb_column][et_pb_column type=\u00a0\u00bb1_5&Prime; _builder_version=\u00a0\u00bb4.9.7&Prime; _module_preset=\u00a0\u00bbdefault\u00a0\u00bb][\/et_pb_column][\/et_pb_row][\/et_pb_section]<\/p>\n","protected":false},"excerpt":{"rendered":"<p>UE Aide-soignant : actualisation des activit\u00e9s infirmi\u00e8resAspects th\u00e9oriques et pratiquesCette unit\u00e9 d\u2019enseignement contribue \u00e0 rencontrer les dispositions l\u00e9gales de l\u2019Arr\u00eat\u00e9 royal du 27 f\u00e9vrier 2019 modifiant l\u2019Arr\u00eat\u00e9 royal du 12 janvier 2006 (Moniteur Belge du 18 mars 2019) fixant les activit\u00e9s infirmi\u00e8res qui peuvent \u00eatre effectu\u00e9es par des aides-soignants et lesconditions dans lesquelles ces aides-soignants [&hellip;]<\/p>\n","protected":false},"author":2,"featured_media":0,"parent":0,"menu_order":0,"comment_status":"closed","ping_status":"closed","template":"","meta":{"_et_pb_use_builder":"on","_et_pb_old_content":"","_et_gb_content_width":""},"_links":{"self":[{"href":"https:\/\/eafc-ath.com\/index.php\/wp-json\/wp\/v2\/pages\/536"}],"collection":[{"href":"https:\/\/eafc-ath.com\/index.php\/wp-json\/wp\/v2\/pages"}],"about":[{"href":"https:\/\/eafc-ath.com\/index.php\/wp-json\/wp\/v2\/types\/page"}],"author":[{"embeddable":true,"href":"https:\/\/eafc-ath.com\/index.php\/wp-json\/wp\/v2\/users\/2"}],"replies":[{"embeddable":true,"href":"https:\/\/eafc-ath.com\/index.php\/wp-json\/wp\/v2\/comments?post=536"}],"version-history":[{"count":7,"href":"https:\/\/eafc-ath.com\/index.php\/wp-json\/wp\/v2\/pages\/536\/revisions"}],"predecessor-version":[{"id":627,"href":"https:\/\/eafc-ath.com\/index.php\/wp-json\/wp\/v2\/pages\/536\/revisions\/627"}],"wp:attachment":[{"href":"https:\/\/eafc-ath.com\/index.php\/wp-json\/wp\/v2\/media?parent=536"}],"curies":[{"name":"wp","href":"https:\/\/api.w.org\/{rel}","templated":true}]}}