{"id":38,"date":"2021-07-05T18:16:55","date_gmt":"2021-07-05T16:16:55","guid":{"rendered":"https:\/\/eafc-ath.com\/?page_id=38"},"modified":"2021-07-07T19:13:06","modified_gmt":"2021-07-07T17:13:06","slug":"droit-dinscription","status":"publish","type":"page","link":"https:\/\/eafc-ath.com\/index.php\/droit-dinscription\/","title":{"rendered":"Droit d&rsquo;inscription"},"content":{"rendered":"<p>[et_pb_section fb_built=\u00a0\u00bb1&Prime; _builder_version=\u00a0\u00bb4.9.7&Prime; _module_preset=\u00a0\u00bbdefault\u00a0\u00bb][et_pb_row _builder_version=\u00a0\u00bb4.9.7&Prime; _module_preset=\u00a0\u00bbdefault\u00a0\u00bb][et_pb_column _builder_version=\u00a0\u00bb4.9.7&Prime; _module_preset=\u00a0\u00bbdefault\u00a0\u00bb type=\u00a0\u00bb4_4&Prime;][et_pb_text _builder_version=\u00a0\u00bb4.9.7&Prime; _module_preset=\u00a0\u00bbdefault\u00a0\u00bb text_text_color=\u00a0\u00bb#ffb84d\u00a0\u00bb text_font_size=\u00a0\u00bb30px\u00a0\u00bb hover_enabled=\u00a0\u00bb0&Prime; sticky_enabled=\u00a0\u00bb0&Prime;]<\/p>\n<p><strong>Droits d&rsquo;inscription<\/strong><\/p>\n<p>[\/et_pb_text][\/et_pb_column][\/et_pb_row][et_pb_row _builder_version=\u00a0\u00bb4.9.7&Prime; _module_preset=\u00a0\u00bbdefault\u00a0\u00bb][et_pb_column _builder_version=\u00a0\u00bb4.9.7&Prime; _module_preset=\u00a0\u00bbdefault\u00a0\u00bb type=\u00a0\u00bb4_4&Prime;][et_pb_text _builder_version=\u00a0\u00bb4.9.7&Prime; _module_preset=\u00a0\u00bbdefault\u00a0\u00bb text_text_color=\u00a0\u00bb#000000&Prime; text_font_size=\u00a0\u00bb16px\u00a0\u00bb hover_enabled=\u00a0\u00bb0&Prime; sticky_enabled=\u00a0\u00bb0&Prime;]<\/p>\n<p>Les droits d&rsquo;inscription sont calcul\u00e9s selon le nombre de p\u00e9riodes durant le cycle scolaire, jusqu&rsquo;\u00e0 un plafond de 800 p\u00e9riodes.<\/p>\n<ul>\n<li>Niveau secondaire : 0,27<span>\u20ac<\/span> la p\u00e9riode*<\/li>\n<li>Niveau sup\u00e9rieur : 0,39<span>\u20ac la p\u00e9riode**<\/span><\/li>\n<\/ul>\n<p><span>Exon\u00e9ration pour les b\u00e9n\u00e9ficiaires du CPAS \/ FOREM \/ Etudiants.<\/span><\/p>\n<p><span>Le droit d&rsquo;inscription (DI) est payable au moment de l&rsquo;inscription. Il n&rsquo;est pas r\u00e9cup\u00e9rable en cas d&rsquo;abandon des cours.<\/span><\/p>\n<p><span>Le droit d&rsquo;inscription compl\u00e9mentaire (DIC) ne sera rembours\u00e9 dans aucun cas.<\/span><\/p>\n<p><span>A partir du 1er septembre 2017, les montants fix\u00e9s sont li\u00e9s \u00e0 l&rsquo;indice des prix \u00e0 la consommation. Ils sont adapt\u00e9s annuellement en fonction de l&rsquo;\u00e9volution de cet indice tel qu&rsquo;il est fix\u00e9 dans le courant du mois de janvier de la m\u00eame ann\u00e9e civile, pour autant que l&rsquo;indice des prix \u00e0 la consommation de l&rsquo;ann\u00e9e N+1 soit sup\u00e9rieure \u00e0 l&rsquo;indice des prix \u00e0 la consommation de l&rsquo;ann\u00e9e N (article 36 du d\u00e9cret du 10 d\u00e9cembre 2015).<\/span><\/p>\n<p>[\/et_pb_text][\/et_pb_column][\/et_pb_row][\/et_pb_section]<\/p>\n","protected":false},"excerpt":{"rendered":"<p>Droits d&rsquo;inscriptionLes droits d&rsquo;inscription sont calcul\u00e9s selon le nombre de p\u00e9riodes durant le cycle scolaire, jusqu&rsquo;\u00e0 un plafond de 800 p\u00e9riodes. Niveau secondaire : 0,27\u20ac la p\u00e9riode* Niveau sup\u00e9rieur : 0,39\u20ac la p\u00e9riode** Exon\u00e9ration pour les b\u00e9n\u00e9ficiaires du CPAS \/ FOREM \/ Etudiants. Le droit d&rsquo;inscription (DI) est payable au moment de l&rsquo;inscription. Il n&rsquo;est [&hellip;]<\/p>\n","protected":false},"author":2,"featured_media":0,"parent":0,"menu_order":0,"comment_status":"closed","ping_status":"closed","template":"","meta":{"_et_pb_use_builder":"on","_et_pb_old_content":"<!-- wp:divi\/placeholder \/-->","_et_gb_content_width":""},"_links":{"self":[{"href":"https:\/\/eafc-ath.com\/index.php\/wp-json\/wp\/v2\/pages\/38"}],"collection":[{"href":"https:\/\/eafc-ath.com\/index.php\/wp-json\/wp\/v2\/pages"}],"about":[{"href":"https:\/\/eafc-ath.com\/index.php\/wp-json\/wp\/v2\/types\/page"}],"author":[{"embeddable":true,"href":"https:\/\/eafc-ath.com\/index.php\/wp-json\/wp\/v2\/users\/2"}],"replies":[{"embeddable":true,"href":"https:\/\/eafc-ath.com\/index.php\/wp-json\/wp\/v2\/comments?post=38"}],"version-history":[{"count":3,"href":"https:\/\/eafc-ath.com\/index.php\/wp-json\/wp\/v2\/pages\/38\/revisions"}],"predecessor-version":[{"id":264,"href":"https:\/\/eafc-ath.com\/index.php\/wp-json\/wp\/v2\/pages\/38\/revisions\/264"}],"wp:attachment":[{"href":"https:\/\/eafc-ath.com\/index.php\/wp-json\/wp\/v2\/media?parent=38"}],"curies":[{"name":"wp","href":"https:\/\/api.w.org\/{rel}","templated":true}]}}