{"id":36,"date":"2021-07-05T18:16:30","date_gmt":"2021-07-05T16:16:30","guid":{"rendered":"https:\/\/eafc-ath.com\/?page_id=36"},"modified":"2021-07-07T12:11:30","modified_gmt":"2021-07-07T10:11:30","slug":"admission-des-etudiants","status":"publish","type":"page","link":"https:\/\/eafc-ath.com\/index.php\/admission-des-etudiants\/","title":{"rendered":"Admission des \u00e9tudiants"},"content":{"rendered":"<p>[et_pb_section fb_built=\u00a0\u00bb1&Prime; _builder_version=\u00a0\u00bb4.9.7&Prime; _module_preset=\u00a0\u00bbdefault\u00a0\u00bb][et_pb_row _builder_version=\u00a0\u00bb4.9.7&Prime; _module_preset=\u00a0\u00bbdefault\u00a0\u00bb][et_pb_column _builder_version=\u00a0\u00bb4.9.7&Prime; _module_preset=\u00a0\u00bbdefault\u00a0\u00bb type=\u00a0\u00bb4_4&Prime;][et_pb_text _builder_version=\u00a0\u00bb4.9.7&Prime; _module_preset=\u00a0\u00bbdefault\u00a0\u00bb text_text_color=\u00a0\u00bb#ffb84d\u00a0\u00bb text_font_size=\u00a0\u00bb30px\u00a0\u00bb hover_enabled=\u00a0\u00bb0&Prime; sticky_enabled=\u00a0\u00bb0&Prime;]<\/p>\n<p><strong>Admission des \u00e9tudiants<\/strong><\/p>\n<p>[\/et_pb_text][\/et_pb_column][\/et_pb_row][et_pb_row _builder_version=\u00a0\u00bb4.9.7&Prime; _module_preset=\u00a0\u00bbdefault\u00a0\u00bb column_structure=\u00a0\u00bb1_2,1_2&Prime;][et_pb_column _builder_version=\u00a0\u00bb4.9.7&Prime; _module_preset=\u00a0\u00bbdefault\u00a0\u00bb type=\u00a0\u00bb1_2&Prime;][et_pb_text _builder_version=\u00a0\u00bb4.9.7&Prime; _module_preset=\u00a0\u00bbdefault\u00a0\u00bb text_text_color=\u00a0\u00bb#000000&Prime; text_font_size=\u00a0\u00bb20px\u00a0\u00bb hover_enabled=\u00a0\u00bb0&Prime; sticky_enabled=\u00a0\u00bb0&Prime;]<\/p>\n<p style=\"text-align: center;\"><strong>Modalit\u00e9s<\/strong><\/p>\n<p>[\/et_pb_text][et_pb_text _builder_version=\u00a0\u00bb4.9.7&Prime; _module_preset=\u00a0\u00bbdefault\u00a0\u00bb text_text_color=\u00a0\u00bb#000000&Prime; text_font_size=\u00a0\u00bb16px\u00a0\u00bb hover_enabled=\u00a0\u00bb0&Prime; sticky_enabled=\u00a0\u00bb0&Prime;]<\/p>\n<p>Lors de votre inscription, veuillez vous munir de :<\/p>\n<ul>\n<li>L&rsquo;ensemble de vos attestations de r\u00e9ussite et\/ou vos dipl\u00f4mes ;<\/li>\n<li>Votre carte d&rsquo;identit\u00e9 ;<\/li>\n<li>Le num\u00e9ro d&rsquo;inscription du Forem pour l&rsquo;exon\u00e9ration du droit d&rsquo;inscription si vous \u00eates demandeur d&#8217;emploi ;<\/li>\n<li>L&rsquo;attestation du CPAS pour l&rsquo;exon\u00e9ration du droit d&rsquo;inscription si vous \u00e9manez du CPAS ;<\/li>\n<li>Le droit d&rsquo;inscription et DIC (variable selon les unit\u00e9s de formation) \u00e0 payer \u00e9lectroniquement.\u00a0<\/li>\n<\/ul>\n<p>[\/et_pb_text][\/et_pb_column][et_pb_column _builder_version=\u00a0\u00bb4.9.7&Prime; _module_preset=\u00a0\u00bbdefault\u00a0\u00bb type=\u00a0\u00bb1_2&Prime;][et_pb_text _builder_version=\u00a0\u00bb4.9.7&Prime; _module_preset=\u00a0\u00bbdefault\u00a0\u00bb text_text_color=\u00a0\u00bb#000000&Prime; text_font_size=\u00a0\u00bb20px\u00a0\u00bb hover_enabled=\u00a0\u00bb0&Prime; sticky_enabled=\u00a0\u00bb0&Prime;]<\/p>\n<p style=\"text-align: center;\"><strong>Conditions d&rsquo;admission<\/strong><\/p>\n<p>[\/et_pb_text][et_pb_text _builder_version=\u00a0\u00bb4.9.7&Prime; _module_preset=\u00a0\u00bbdefault\u00a0\u00bb text_text_color=\u00a0\u00bb#000000&Prime; text_font_size=\u00a0\u00bb16px\u00a0\u00bb hover_enabled=\u00a0\u00bb0&Prime; sticky_enabled=\u00a0\u00bb0&Prime;]<\/p>\n<ul>\n<li>Pour l&rsquo;inscription dans l&rsquo;enseignement secondaire sup\u00e9rieur, il faut \u00eatre porteur d&rsquo;un certificat de l&rsquo;enseignement secondaire inf\u00e9rieur ;<\/li>\n<li>Pour l&rsquo;inscription dans l&rsquo;enseignement sup\u00e9rieur, il faut \u00eatre porteur d&rsquo;un certificat de l&rsquo;enseignement secondaire sup\u00e9rieur ;<\/li>\n<li>Pour l&rsquo;inscription dans l&rsquo;enseignement inf\u00e9rieur (UE ma\u00e7onnerie) le CEB est suffisant.<\/li>\n<\/ul>\n<p>Il est toutefois possible de s&rsquo;inscrire dans une formation sans poss\u00e9der le titre requis par la r\u00e9ussite de test d&rsquo;admission.<\/p>\n<p>[\/et_pb_text][\/et_pb_column][\/et_pb_row][et_pb_row _builder_version=\u00a0\u00bb4.9.7&Prime; _module_preset=\u00a0\u00bbdefault\u00a0\u00bb column_structure=\u00a0\u00bb1_2,1_2&Prime;][et_pb_column _builder_version=\u00a0\u00bb4.9.7&Prime; _module_preset=\u00a0\u00bbdefault\u00a0\u00bb type=\u00a0\u00bb1_2&Prime;][et_pb_text _builder_version=\u00a0\u00bb4.9.7&Prime; _module_preset=\u00a0\u00bbdefault\u00a0\u00bb text_text_color=\u00a0\u00bb#000000&Prime; text_font_size=\u00a0\u00bb20px\u00a0\u00bb hover_enabled=\u00a0\u00bb0&Prime; sticky_enabled=\u00a0\u00bb0&Prime;]<\/p>\n<p style=\"text-align: center;\"><strong>Conditions d&rsquo;\u00e2ge<\/strong><\/p>\n<p>[\/et_pb_text][et_pb_text _builder_version=\u00a0\u00bb4.9.7&Prime; _module_preset=\u00a0\u00bbdefault\u00a0\u00bb text_text_color=\u00a0\u00bb#000000&Prime; text_font_size=\u00a0\u00bb16px\u00a0\u00bb hover_enabled=\u00a0\u00bb0&Prime; sticky_enabled=\u00a0\u00bb0&Prime;]<\/p>\n<ul>\n<li>A partir de 15 ans, pour s&rsquo;inscrire : l&rsquo;\u00e9l\u00e8ve doit avoir suivi les deux premi\u00e8res ann\u00e9es de l&rsquo;enseignement de plein exercice et en fournir la preuve ;<\/li>\n<li>Pour les \u00e9tudiants de 16 \u00e0 18 ans, il convient de fournir la preuve d&rsquo;inscription dans l&rsquo;enseignement de plein exercice ou dans l&rsquo;enseignement \u00e0 horaire r\u00e9duit ;<\/li>\n<li>Dans l&rsquo;enseignement sup\u00e9rieur, le grade de bachelier ne peut \u00eatre d\u00e9livr\u00e9 avant l&rsquo;\u00e2ge de 23 ans accomplis. L&rsquo;\u00e9tudiant ne peut pas \u00eatre inscrit \u00e0 plus de 36 cr\u00e9dits (ECTS) par ann\u00e9e acad\u00e9mique avant l&rsquo;\u00e2ge de 20 ans accomplis.\u00a0<\/li>\n<\/ul>\n<p>[\/et_pb_text][\/et_pb_column][et_pb_column _builder_version=\u00a0\u00bb4.9.7&Prime; _module_preset=\u00a0\u00bbdefault\u00a0\u00bb type=\u00a0\u00bb1_2&Prime;][et_pb_text _builder_version=\u00a0\u00bb4.9.7&Prime; _module_preset=\u00a0\u00bbdefault\u00a0\u00bb text_text_color=\u00a0\u00bb#000000&Prime; text_font_size=\u00a0\u00bb20px\u00a0\u00bb hover_enabled=\u00a0\u00bb0&Prime; sticky_enabled=\u00a0\u00bb0&Prime;]<\/p>\n<p style=\"text-align: center;\"><strong>Constitution de groupe<\/strong><\/p>\n<p>[\/et_pb_text][et_pb_text _builder_version=\u00a0\u00bb4.9.7&Prime; _module_preset=\u00a0\u00bbdefault\u00a0\u00bb text_text_color=\u00a0\u00bb#000000&Prime; text_font_size=\u00a0\u00bb16px\u00a0\u00bb hover_enabled=\u00a0\u00bb0&Prime; sticky_enabled=\u00a0\u00bb0&Prime;]<\/p>\n<p>Pour des raisons de place et de s\u00e9curit\u00e9, le nombre d&rsquo;\u00e9tudiants sera limit\u00e9 \u00e0 50 pour les cours g\u00e9n\u00e9raux, les cours techniques et les cours psychologie, p\u00e9dagogie, m\u00e9thodologie.<\/p>\n<p>Pour les laboratoires et les cours de pratique profesionnelle, ce nombre sera adapt\u00e9 pour ne pas d\u00e9passer deux \u00e9tudiants par poste de travail.<\/p>\n<p>Aucune inscription ne pourra se faire dans une unit\u00e9 d&rsquo;enseignement \u00e0 partir du moment o\u00f9 le nombre limit\u00e9 d&rsquo;\u00e9tudiants sera atteint.\u00a0<\/p>\n<p>L&rsquo;\u00e9tudiant refus\u00e9 pourra toutefois s&rsquo;inscrire sur une liste d&rsquo;attente et int\u00e9grer le groupe au cas o\u00f9 il y aurait un d\u00e9sistement dans le courant du premier dixi\u00e8me de la formation<\/p>\n<p>[\/et_pb_text][\/et_pb_column][\/et_pb_row][et_pb_row _builder_version=\u00a0\u00bb4.9.7&Prime; _module_preset=\u00a0\u00bbdefault\u00a0\u00bb column_structure=\u00a0\u00bb1_2,1_2&Prime;][et_pb_column _builder_version=\u00a0\u00bb4.9.7&Prime; _module_preset=\u00a0\u00bbdefault\u00a0\u00bb type=\u00a0\u00bb1_2&Prime;][et_pb_text _builder_version=\u00a0\u00bb4.9.7&Prime; _module_preset=\u00a0\u00bbdefault\u00a0\u00bb text_text_color=\u00a0\u00bb#000000&Prime; text_font_size=\u00a0\u00bb20px\u00a0\u00bb hover_enabled=\u00a0\u00bb0&Prime; sticky_enabled=\u00a0\u00bb0&Prime;]<\/p>\n<p style=\"text-align: center;\"><strong>Conditions d&rsquo;octroi des allocations familiales\u00a0<\/strong><\/p>\n<p>[\/et_pb_text][et_pb_text _builder_version=\u00a0\u00bb4.9.7&Prime; _module_preset=\u00a0\u00bbdefault\u00a0\u00bb text_text_color=\u00a0\u00bb#000000&Prime; text_font_size=\u00a0\u00bb16px\u00a0\u00bb hover_enabled=\u00a0\u00bb0&Prime; sticky_enabled=\u00a0\u00bb0&Prime;]<\/p>\n<ul>\n<li>Dans l&rsquo;enseignement secondaire, la formation doit comporter en moyenne 17 heures de cours minimum par semaine sans condition horaire ;<\/li>\n<li>Dans l&rsquo;enseignement sup\u00e9rieur, la formation doit comporter 27 cr\u00e9dits minimum ou en moyenne 13 heures de cours par semaine minimum sans condition horaire.<\/li>\n<\/ul>\n<p><a href=\"http:\/\/www.allocationsfamiliales.fgov.be\/forms\/form_P7_2.htm\">En savoir plus<\/a><\/p>\n<p>[\/et_pb_text][\/et_pb_column][et_pb_column _builder_version=\u00a0\u00bb4.9.7&Prime; _module_preset=\u00a0\u00bbdefault\u00a0\u00bb type=\u00a0\u00bb1_2&Prime;][\/et_pb_column][\/et_pb_row][\/et_pb_section]<\/p>\n","protected":false},"excerpt":{"rendered":"<p>Admission des \u00e9tudiantsModalit\u00e9sLors de votre inscription, veuillez vous munir de : L&rsquo;ensemble de vos attestations de r\u00e9ussite et\/ou vos dipl\u00f4mes ; Votre carte d&rsquo;identit\u00e9 ; Le num\u00e9ro d&rsquo;inscription du Forem pour l&rsquo;exon\u00e9ration du droit d&rsquo;inscription si vous \u00eates demandeur d&#8217;emploi ; L&rsquo;attestation du CPAS pour l&rsquo;exon\u00e9ration du droit d&rsquo;inscription si vous \u00e9manez du CPAS ; [&hellip;]<\/p>\n","protected":false},"author":2,"featured_media":0,"parent":0,"menu_order":0,"comment_status":"closed","ping_status":"closed","template":"","meta":{"_et_pb_use_builder":"on","_et_pb_old_content":"","_et_gb_content_width":""},"_links":{"self":[{"href":"https:\/\/eafc-ath.com\/index.php\/wp-json\/wp\/v2\/pages\/36"}],"collection":[{"href":"https:\/\/eafc-ath.com\/index.php\/wp-json\/wp\/v2\/pages"}],"about":[{"href":"https:\/\/eafc-ath.com\/index.php\/wp-json\/wp\/v2\/types\/page"}],"author":[{"embeddable":true,"href":"https:\/\/eafc-ath.com\/index.php\/wp-json\/wp\/v2\/users\/2"}],"replies":[{"embeddable":true,"href":"https:\/\/eafc-ath.com\/index.php\/wp-json\/wp\/v2\/comments?post=36"}],"version-history":[{"count":4,"href":"https:\/\/eafc-ath.com\/index.php\/wp-json\/wp\/v2\/pages\/36\/revisions"}],"predecessor-version":[{"id":159,"href":"https:\/\/eafc-ath.com\/index.php\/wp-json\/wp\/v2\/pages\/36\/revisions\/159"}],"wp:attachment":[{"href":"https:\/\/eafc-ath.com\/index.php\/wp-json\/wp\/v2\/media?parent=36"}],"curies":[{"name":"wp","href":"https:\/\/api.w.org\/{rel}","templated":true}]}}