{"id":32,"date":"2021-07-05T18:13:32","date_gmt":"2021-07-05T16:13:32","guid":{"rendered":"https:\/\/eafc-ath.com\/?page_id=32"},"modified":"2022-02-22T18:31:13","modified_gmt":"2022-02-22T17:31:13","slug":"langues","status":"publish","type":"page","link":"https:\/\/eafc-ath.com\/index.php\/langues\/","title":{"rendered":"Langues"},"content":{"rendered":"<p>[et_pb_section fb_built=\u00a0\u00bb1&Prime; _builder_version=\u00a0\u00bb4.9.7&Prime; _module_preset=\u00a0\u00bbdefault\u00a0\u00bb][et_pb_row _builder_version=\u00a0\u00bb4.9.7&Prime; _module_preset=\u00a0\u00bbdefault\u00a0\u00bb][et_pb_column type=\u00a0\u00bb4_4&Prime; _builder_version=\u00a0\u00bb4.9.7&Prime; _module_preset=\u00a0\u00bbdefault\u00a0\u00bb][et_pb_text _builder_version=\u00a0\u00bb4.9.7&Prime; _module_preset=\u00a0\u00bbdefault\u00a0\u00bb text_text_color=\u00a0\u00bb#ffb84d\u00a0\u00bb text_font_size=\u00a0\u00bb30px\u00a0\u00bb]<\/p>\n<p><strong>Langues<\/strong><\/p>\n<p>[\/et_pb_text][\/et_pb_column][\/et_pb_row][et_pb_row column_structure=\u00a0\u00bb1_3,1_3,1_3&Prime; _builder_version=\u00a0\u00bb4.9.7&Prime; _module_preset=\u00a0\u00bbdefault\u00a0\u00bb][et_pb_column type=\u00a0\u00bb1_3&Prime; _builder_version=\u00a0\u00bb4.9.7&Prime; _module_preset=\u00a0\u00bbdefault\u00a0\u00bb][et_pb_image src=\u00a0\u00bbhttps:\/\/eafc-ath.com\/wp-content\/uploads\/2021\/07\/flag-of-the-united-kingdom-min-scaled.jpeg\u00a0\u00bb title_text=\u00a0\u00bbflag-of-the-united-kingdom-min\u00a0\u00bb url=\u00a0\u00bbhttps:\/\/eafc-ath.com\/index.php\/anglais\/\u00a0\u00bb align=\u00a0\u00bbcenter\u00a0\u00bb force_fullwidth=\u00a0\u00bbon\u00a0\u00bb _builder_version=\u00a0\u00bb4.9.7&Prime; _module_preset=\u00a0\u00bbdefault\u00a0\u00bb min_height=\u00a0\u00bb225px\u00a0\u00bb box_shadow_style=\u00a0\u00bbpreset2&Prime; background__hover_enabled=\u00a0\u00bbon|hover\u00a0\u00bb background_color_gradient_end__hover=\u00a0\u00bb#000000&Prime; use_background_color_gradient__hover=\u00a0\u00bboff\u00a0\u00bb background_color_gradient_start__hover=\u00a0\u00bbrgba(255,184,77,0.71)\u00a0\u00bb background_color_gradient_overlays_image__hover=\u00a0\u00bbon\u00a0\u00bb box_shadow_horizontal__hover_enabled=\u00a0\u00bbon|hover\u00a0\u00bb box_shadow_horizontal__hover=\u00a0\u00bb14px\u00a0\u00bb][\/et_pb_image][et_pb_text _builder_version=\u00a0\u00bb4.9.7&Prime; _module_preset=\u00a0\u00bbdefault\u00a0\u00bb text_text_color=\u00a0\u00bb#000000&Prime; text_font_size=\u00a0\u00bb18px\u00a0\u00bb link_option_url=\u00a0\u00bbhttps:\/\/eafc-ath.com\/index.php\/anglais\/\u00a0\u00bb border_radii=\u00a0\u00bboff||||\u00a0\u00bb border_width_top=\u00a0\u00bb0px\u00a0\u00bb border_style_top=\u00a0\u00bbridge\u00a0\u00bb]<\/p>\n<p style=\"text-align: center;\"><strong>Anglais<\/strong><\/p>\n<p>[\/et_pb_text][\/et_pb_column][et_pb_column type=\u00a0\u00bb1_3&Prime; _builder_version=\u00a0\u00bb4.9.7&Prime; _module_preset=\u00a0\u00bbdefault\u00a0\u00bb][et_pb_image src=\u00a0\u00bbhttps:\/\/eafc-ath.com\/wp-content\/uploads\/2021\/07\/flag-of-italy-min-scaled.jpeg\u00a0\u00bb title_text=\u00a0\u00bbflag-of-italy-min\u00a0\u00bb url=\u00a0\u00bbhttps:\/\/eafc-ath.com\/index.php\/italien\/\u00a0\u00bb align=\u00a0\u00bbcenter\u00a0\u00bb force_fullwidth=\u00a0\u00bbon\u00a0\u00bb _builder_version=\u00a0\u00bb4.9.7&Prime; _module_preset=\u00a0\u00bbdefault\u00a0\u00bb min_height=\u00a0\u00bb225px\u00a0\u00bb box_shadow_style=\u00a0\u00bbpreset2&Prime; box_shadow_horizontal__hover_enabled=\u00a0\u00bbon|hover\u00a0\u00bb box_shadow_horizontal__hover=\u00a0\u00bb14px\u00a0\u00bb][\/et_pb_image][et_pb_text _builder_version=\u00a0\u00bb4.9.7&Prime; _module_preset=\u00a0\u00bbdefault\u00a0\u00bb text_text_color=\u00a0\u00bb#000000&Prime; text_font_size=\u00a0\u00bb18px\u00a0\u00bb link_option_url=\u00a0\u00bbhttps:\/\/eafc-ath.com\/index.php\/italien\/\u00a0\u00bb hover_enabled=\u00a0\u00bb0&Prime; sticky_enabled=\u00a0\u00bb0&Prime;]<\/p>\n<p style=\"text-align: center;\"><strong>Italien<\/strong><\/p>\n<p>[\/et_pb_text][\/et_pb_column][et_pb_column type=\u00a0\u00bb1_3&Prime; _builder_version=\u00a0\u00bb4.9.7&Prime; _module_preset=\u00a0\u00bbdefault\u00a0\u00bb][et_pb_image src=\u00a0\u00bbhttps:\/\/eafc-ath.com\/wp-content\/uploads\/2021\/07\/flag-of-spain-min-scaled.jpeg\u00a0\u00bb title_text=\u00a0\u00bbflag-of-spain-min\u00a0\u00bb url=\u00a0\u00bbhttps:\/\/eafc-ath.com\/index.php\/espagnol\/\u00a0\u00bb align=\u00a0\u00bbcenter\u00a0\u00bb force_fullwidth=\u00a0\u00bbon\u00a0\u00bb _builder_version=\u00a0\u00bb4.9.7&Prime; _module_preset=\u00a0\u00bbdefault\u00a0\u00bb min_height=\u00a0\u00bb225px\u00a0\u00bb box_shadow_style=\u00a0\u00bbpreset2&Prime; box_shadow_horizontal__hover_enabled=\u00a0\u00bbon|hover\u00a0\u00bb box_shadow_horizontal__hover=\u00a0\u00bb14px\u00a0\u00bb][\/et_pb_image][et_pb_text _builder_version=\u00a0\u00bb4.9.7&Prime; _module_preset=\u00a0\u00bbdefault\u00a0\u00bb text_text_color=\u00a0\u00bb#000000&Prime; text_font_size=\u00a0\u00bb18px\u00a0\u00bb link_option_url=\u00a0\u00bbhttps:\/\/eafc-ath.com\/index.php\/espagnol\/\u00a0\u00bb]<\/p>\n<p style=\"text-align: center;\"><strong>Espagnol<\/strong><\/p>\n<p>[\/et_pb_text][\/et_pb_column][\/et_pb_row][et_pb_row column_structure=\u00a0\u00bb1_3,1_3,1_3&Prime; _builder_version=\u00a0\u00bb4.9.7&Prime; _module_preset=\u00a0\u00bbdefault\u00a0\u00bb][et_pb_column type=\u00a0\u00bb1_3&Prime; _builder_version=\u00a0\u00bb4.9.7&Prime; _module_preset=\u00a0\u00bbdefault\u00a0\u00bb][et_pb_image src=\u00a0\u00bbhttps:\/\/eafc-ath.com\/wp-content\/uploads\/2021\/07\/flag-of-france-min-scaled.jpeg\u00a0\u00bb title_text=\u00a0\u00bbflag-of-france-min\u00a0\u00bb url=\u00a0\u00bbhttps:\/\/eafc-ath.com\/index.php\/francais\/\u00a0\u00bb align=\u00a0\u00bbcenter\u00a0\u00bb force_fullwidth=\u00a0\u00bbon\u00a0\u00bb _builder_version=\u00a0\u00bb4.9.7&Prime; _module_preset=\u00a0\u00bbdefault\u00a0\u00bb min_height=\u00a0\u00bb225px\u00a0\u00bb box_shadow_style=\u00a0\u00bbpreset2&Prime; box_shadow_horizontal__hover_enabled=\u00a0\u00bbon|hover\u00a0\u00bb box_shadow_horizontal__hover=\u00a0\u00bb14px\u00a0\u00bb][\/et_pb_image][et_pb_text _builder_version=\u00a0\u00bb4.9.7&Prime; _module_preset=\u00a0\u00bbdefault\u00a0\u00bb text_text_color=\u00a0\u00bb#000000&Prime; text_font_size=\u00a0\u00bb18px\u00a0\u00bb link_option_url=\u00a0\u00bbhttps:\/\/eafc-ath.com\/index.php\/francais\/\u00a0\u00bb]<\/p>\n<p style=\"text-align: center;\"><strong>Fran\u00e7ais<\/strong><\/p>\n<p>[\/et_pb_text][\/et_pb_column][et_pb_column type=\u00a0\u00bb1_3&Prime; _builder_version=\u00a0\u00bb4.9.7&Prime; _module_preset=\u00a0\u00bbdefault\u00a0\u00bb][et_pb_image src=\u00a0\u00bbhttps:\/\/eafc-ath.com\/wp-content\/uploads\/2021\/07\/the-dutch-flag-min-scaled.jpeg\u00a0\u00bb title_text=\u00a0\u00bbthe-dutch-flag-min\u00a0\u00bb url=\u00a0\u00bbhttps:\/\/eafc-ath.com\/index.php\/neerlandais\/\u00a0\u00bb align=\u00a0\u00bbcenter\u00a0\u00bb force_fullwidth=\u00a0\u00bbon\u00a0\u00bb _builder_version=\u00a0\u00bb4.9.7&Prime; _module_preset=\u00a0\u00bbdefault\u00a0\u00bb min_height=\u00a0\u00bb225px\u00a0\u00bb box_shadow_style=\u00a0\u00bbpreset2&Prime; box_shadow_horizontal__hover_enabled=\u00a0\u00bbon|hover\u00a0\u00bb box_shadow_horizontal__hover=\u00a0\u00bb14px\u00a0\u00bb][\/et_pb_image][et_pb_text _builder_version=\u00a0\u00bb4.9.7&Prime; _module_preset=\u00a0\u00bbdefault\u00a0\u00bb text_text_color=\u00a0\u00bb#000000&Prime; text_font_size=\u00a0\u00bb18px\u00a0\u00bb link_option_url=\u00a0\u00bbhttps:\/\/eafc-ath.com\/index.php\/neerlandais\/\u00a0\u00bb]<\/p>\n<p style=\"text-align: center;\"><strong>N\u00e9erlandais<\/strong><\/p>\n<p>[\/et_pb_text][\/et_pb_column][et_pb_column type=\u00a0\u00bb1_3&Prime; _builder_version=\u00a0\u00bb4.9.7&Prime; _module_preset=\u00a0\u00bbdefault\u00a0\u00bb][et_pb_image src=\u00a0\u00bbhttps:\/\/eafc-ath.com\/wp-content\/uploads\/2021\/07\/flag-of-france-min-scaled.jpeg\u00a0\u00bb title_text=\u00a0\u00bbflag-of-france-min\u00a0\u00bb url=\u00a0\u00bbhttps:\/\/eafc-ath.com\/index.php\/francaislangueetrangere\/\u00a0\u00bb align=\u00a0\u00bbcenter\u00a0\u00bb force_fullwidth=\u00a0\u00bbon\u00a0\u00bb _builder_version=\u00a0\u00bb4.9.7&Prime; _module_preset=\u00a0\u00bbdefault\u00a0\u00bb min_height=\u00a0\u00bb225px\u00a0\u00bb box_shadow_style=\u00a0\u00bbpreset2&Prime; box_shadow_horizontal__hover_enabled=\u00a0\u00bbon|hover\u00a0\u00bb box_shadow_horizontal__hover=\u00a0\u00bb14px\u00a0\u00bb][\/et_pb_image][et_pb_text _builder_version=\u00a0\u00bb4.9.7&Prime; _module_preset=\u00a0\u00bbdefault\u00a0\u00bb text_text_color=\u00a0\u00bb#000000&Prime; text_font_size=\u00a0\u00bb18px\u00a0\u00bb link_option_url=\u00a0\u00bbhttps:\/\/eafc-ath.com\/index.php\/francaislangueetrangere\/\u00a0\u00bb]<\/p>\n<p style=\"text-align: center;\"><strong>Fran\u00e7ais langue \u00e9trang\u00e8re<\/strong><\/p>\n<p>[\/et_pb_text][\/et_pb_column][\/et_pb_row][\/et_pb_section]<\/p>\n","protected":false},"excerpt":{"rendered":"<p>LanguesAnglaisItalienEspagnolFran\u00e7aisN\u00e9erlandaisFran\u00e7ais langue \u00e9trang\u00e8re<\/p>\n","protected":false},"author":2,"featured_media":0,"parent":0,"menu_order":0,"comment_status":"closed","ping_status":"closed","template":"","meta":{"_et_pb_use_builder":"on","_et_pb_old_content":"","_et_gb_content_width":""},"_links":{"self":[{"href":"https:\/\/eafc-ath.com\/index.php\/wp-json\/wp\/v2\/pages\/32"}],"collection":[{"href":"https:\/\/eafc-ath.com\/index.php\/wp-json\/wp\/v2\/pages"}],"about":[{"href":"https:\/\/eafc-ath.com\/index.php\/wp-json\/wp\/v2\/types\/page"}],"author":[{"embeddable":true,"href":"https:\/\/eafc-ath.com\/index.php\/wp-json\/wp\/v2\/users\/2"}],"replies":[{"embeddable":true,"href":"https:\/\/eafc-ath.com\/index.php\/wp-json\/wp\/v2\/comments?post=32"}],"version-history":[{"count":5,"href":"https:\/\/eafc-ath.com\/index.php\/wp-json\/wp\/v2\/pages\/32\/revisions"}],"predecessor-version":[{"id":486,"href":"https:\/\/eafc-ath.com\/index.php\/wp-json\/wp\/v2\/pages\/32\/revisions\/486"}],"wp:attachment":[{"href":"https:\/\/eafc-ath.com\/index.php\/wp-json\/wp\/v2\/media?parent=32"}],"curies":[{"name":"wp","href":"https:\/\/api.w.org\/{rel}","templated":true}]}}