{"id":215,"date":"2021-07-07T18:28:49","date_gmt":"2021-07-07T16:28:49","guid":{"rendered":"https:\/\/eafc-ath.com\/?page_id=215"},"modified":"2023-07-03T14:02:39","modified_gmt":"2023-07-03T12:02:39","slug":"anglais","status":"publish","type":"page","link":"https:\/\/eafc-ath.com\/index.php\/anglais\/","title":{"rendered":"Anglais"},"content":{"rendered":"<p>[et_pb_section fb_built=\u00a0\u00bb1&Prime; _builder_version=\u00a0\u00bb4.16&Prime; _module_preset=\u00a0\u00bbdefault\u00a0\u00bb global_colors_info=\u00a0\u00bb{}\u00a0\u00bb][et_pb_row _builder_version=\u00a0\u00bb4.16&Prime; _module_preset=\u00a0\u00bbdefault\u00a0\u00bb global_colors_info=\u00a0\u00bb{}\u00a0\u00bb][et_pb_column type=\u00a0\u00bb4_4&Prime; _builder_version=\u00a0\u00bb4.16&Prime; _module_preset=\u00a0\u00bbdefault\u00a0\u00bb global_colors_info=\u00a0\u00bb{}\u00a0\u00bb][et_pb_text _builder_version=\u00a0\u00bb4.16&Prime; _module_preset=\u00a0\u00bbdefault\u00a0\u00bb text_text_color=\u00a0\u00bb#ffb84d\u00a0\u00bb text_font_size=\u00a0\u00bb30px\u00a0\u00bb global_colors_info=\u00a0\u00bb{}\u00a0\u00bb]<\/p>\n<p>Anglais<\/p>\n<p>[\/et_pb_text][\/et_pb_column][\/et_pb_row][et_pb_row column_structure=\u00a0\u00bb1_2,1_2&Prime; _builder_version=\u00a0\u00bb4.16&Prime; _module_preset=\u00a0\u00bbdefault\u00a0\u00bb global_colors_info=\u00a0\u00bb{}\u00a0\u00bb][et_pb_column type=\u00a0\u00bb1_2&Prime; _builder_version=\u00a0\u00bb4.16&Prime; _module_preset=\u00a0\u00bbdefault\u00a0\u00bb background_enable_image=\u00a0\u00bboff\u00a0\u00bb global_colors_info=\u00a0\u00bb{}\u00a0\u00bb][et_pb_image src=\u00a0\u00bbhttps:\/\/eafc-ath.com\/wp-content\/uploads\/2021\/07\/flag-of-the-united-kingdom-min-scaled.jpeg\u00a0\u00bb title_text=\u00a0\u00bbflag-of-the-united-kingdom-min\u00a0\u00bb _builder_version=\u00a0\u00bb4.16&Prime; _module_preset=\u00a0\u00bbdefault\u00a0\u00bb box_shadow_style=\u00a0\u00bbpreset2&Prime; global_colors_info=\u00a0\u00bb{}\u00a0\u00bb box_shadow_horizontal__hover_enabled=\u00a0\u00bbon|hover\u00a0\u00bb box_shadow_horizontal__hover=\u00a0\u00bb14px\u00a0\u00bb][\/et_pb_image][\/et_pb_column][et_pb_column type=\u00a0\u00bb1_2&Prime; _builder_version=\u00a0\u00bb4.16&Prime; _module_preset=\u00a0\u00bbdefault\u00a0\u00bb global_colors_info=\u00a0\u00bb{}\u00a0\u00bb][et_pb_text _builder_version=\u00a0\u00bb4.20.4&Prime; _module_preset=\u00a0\u00bbdefault\u00a0\u00bb text_text_color=\u00a0\u00bb#000000&Prime; text_font_size=\u00a0\u00bb16px\u00a0\u00bb hover_enabled=\u00a0\u00bb0&Prime; global_colors_info=\u00a0\u00bb{}\u00a0\u00bb sticky_enabled=\u00a0\u00bb0&Prime;]<\/p>\n<p>Apprendre les langues \u00e9trang\u00e8res, c&rsquo;est avant tout apprendre \u00e0 communiquer.<\/p>\n<p>L&rsquo;\u00e9tablissement offre de nombreux niveaux diff\u00e9rents pour vous assurer un enseignement correspondant \u00e0 vos besoins et capacit\u00e9s. Vous aide \u00e0 d\u00e9velopper votre expression et votre compr\u00e9hension tant orale qu&rsquo;\u00e9crite, \u00e0 acqu\u00e9rir une langue \u00e9trang\u00e8re \u00e0 travers des th\u00e8mes concernant la vie quotidienne, la culture, l&rsquo;actualit\u00e9. Acqu\u00e9rir de l&rsquo;aisance et de la confiance en soi, oser prendre la parole m\u00eame en commettant des erreurs. Faire de l&rsquo;apprentissage d&rsquo;une langue \u00e9trang\u00e8re un plaisir.<\/p>\n<p>[\/et_pb_text][\/et_pb_column][\/et_pb_row][et_pb_row _builder_version=\u00a0\u00bb4.16&Prime; _module_preset=\u00a0\u00bbdefault\u00a0\u00bb global_colors_info=\u00a0\u00bb{}\u00a0\u00bb][et_pb_column type=\u00a0\u00bb4_4&Prime; _builder_version=\u00a0\u00bb4.16&Prime; _module_preset=\u00a0\u00bbdefault\u00a0\u00bb global_colors_info=\u00a0\u00bb{}\u00a0\u00bb][et_pb_text _builder_version=\u00a0\u00bb4.16&Prime; _module_preset=\u00a0\u00bbdefault\u00a0\u00bb text_text_color=\u00a0\u00bb#FFFFFF\u00a0\u00bb text_font_size=\u00a0\u00bb20px\u00a0\u00bb background_color=\u00a0\u00bb#ffce54&Prime; custom_padding=\u00a0\u00bb20px||20px||false|false\u00a0\u00bb global_colors_info=\u00a0\u00bb{}\u00a0\u00bb]<\/p>\n<p style=\"text-align: center;\"><b>Dur\u00e9e<\/b><\/p>\n<p>[\/et_pb_text][\/et_pb_column][\/et_pb_row][et_pb_row _builder_version=\u00a0\u00bb4.16&Prime; _module_preset=\u00a0\u00bbdefault\u00a0\u00bb global_colors_info=\u00a0\u00bb{}\u00a0\u00bb][et_pb_column type=\u00a0\u00bb4_4&Prime; _builder_version=\u00a0\u00bb4.16&Prime; _module_preset=\u00a0\u00bbdefault\u00a0\u00bb global_colors_info=\u00a0\u00bb{}\u00a0\u00bb][et_pb_text _builder_version=\u00a0\u00bb4.16&Prime; _module_preset=\u00a0\u00bbdefault\u00a0\u00bb text_text_color=\u00a0\u00bb#000000&Prime; text_font_size=\u00a0\u00bb16px\u00a0\u00bb global_colors_info=\u00a0\u00bb{}\u00a0\u00bb]<\/p>\n<p>Plusieurs niveaux. 1 soir\u00e9e par semaine de 17h20 \u00e0 20h40.<\/p>\n<p>[\/et_pb_text][\/et_pb_column][\/et_pb_row][\/et_pb_section]<\/p>\n","protected":false},"excerpt":{"rendered":"<p>AnglaisApprendre les langues \u00e9trang\u00e8res, c&rsquo;est avant tout apprendre \u00e0 communiquer. L&rsquo;\u00e9tablissement offre de nombreux niveaux diff\u00e9rents pour vous assurer un enseignement correspondant \u00e0 vos besoins et capacit\u00e9s. Vous aide \u00e0 d\u00e9velopper votre expression et votre compr\u00e9hension tant orale qu&rsquo;\u00e9crite, \u00e0 acqu\u00e9rir une langue \u00e9trang\u00e8re \u00e0 travers des th\u00e8mes concernant la vie quotidienne, la culture, l&rsquo;actualit\u00e9. [&hellip;]<\/p>\n","protected":false},"author":2,"featured_media":0,"parent":0,"menu_order":0,"comment_status":"closed","ping_status":"closed","template":"","meta":{"_et_pb_use_builder":"on","_et_pb_old_content":"<!-- wp:divi\/placeholder \/-->","_et_gb_content_width":""},"_links":{"self":[{"href":"https:\/\/eafc-ath.com\/index.php\/wp-json\/wp\/v2\/pages\/215"}],"collection":[{"href":"https:\/\/eafc-ath.com\/index.php\/wp-json\/wp\/v2\/pages"}],"about":[{"href":"https:\/\/eafc-ath.com\/index.php\/wp-json\/wp\/v2\/types\/page"}],"author":[{"embeddable":true,"href":"https:\/\/eafc-ath.com\/index.php\/wp-json\/wp\/v2\/users\/2"}],"replies":[{"embeddable":true,"href":"https:\/\/eafc-ath.com\/index.php\/wp-json\/wp\/v2\/comments?post=215"}],"version-history":[{"count":4,"href":"https:\/\/eafc-ath.com\/index.php\/wp-json\/wp\/v2\/pages\/215\/revisions"}],"predecessor-version":[{"id":779,"href":"https:\/\/eafc-ath.com\/index.php\/wp-json\/wp\/v2\/pages\/215\/revisions\/779"}],"wp:attachment":[{"href":"https:\/\/eafc-ath.com\/index.php\/wp-json\/wp\/v2\/media?parent=215"}],"curies":[{"name":"wp","href":"https:\/\/api.w.org\/{rel}","templated":true}]}}