{"id":18,"date":"2021-07-05T17:43:17","date_gmt":"2021-07-05T15:43:17","guid":{"rendered":"https:\/\/eafc-ath.com\/?page_id=18"},"modified":"2025-04-25T12:18:24","modified_gmt":"2025-04-25T10:18:24","slug":"inscriptions","status":"publish","type":"page","link":"https:\/\/eafc-ath.com\/index.php\/inscriptions\/","title":{"rendered":"Inscriptions"},"content":{"rendered":"<p>[et_pb_section fb_built=\u00a0\u00bb1&Prime; _builder_version=\u00a0\u00bb4.16&Prime; _module_preset=\u00a0\u00bbdefault\u00a0\u00bb custom_padding=\u00a0\u00bb|0px||||\u00a0\u00bb global_colors_info=\u00a0\u00bb{}\u00a0\u00bb][et_pb_row _builder_version=\u00a0\u00bb4.16&Prime; _module_preset=\u00a0\u00bbdefault\u00a0\u00bb global_colors_info=\u00a0\u00bb{}\u00a0\u00bb][et_pb_column type=\u00a0\u00bb4_4&Prime; _builder_version=\u00a0\u00bb4.16&Prime; _module_preset=\u00a0\u00bbdefault\u00a0\u00bb global_colors_info=\u00a0\u00bb{}\u00a0\u00bb][et_pb_text _builder_version=\u00a0\u00bb4.20.4&Prime; _module_preset=\u00a0\u00bbdefault\u00a0\u00bb text_text_color=\u00a0\u00bb#ffb84d\u00a0\u00bb text_font_size=\u00a0\u00bb30px\u00a0\u00bb global_colors_info=\u00a0\u00bb{}\u00a0\u00bb]<\/p>\n<p><strong>Inscriptions 2024-2025<\/strong><\/p>\n<p>[\/et_pb_text][\/et_pb_column][\/et_pb_row][et_pb_row _builder_version=\u00a0\u00bb4.20.4&Prime; _module_preset=\u00a0\u00bbdefault\u00a0\u00bb global_colors_info=\u00a0\u00bb{}\u00a0\u00bb][et_pb_column type=\u00a0\u00bb4_4&Prime; _builder_version=\u00a0\u00bb4.16&Prime; _module_preset=\u00a0\u00bbdefault\u00a0\u00bb global_colors_info=\u00a0\u00bb{}\u00a0\u00bb][et_pb_text _builder_version=\u00a0\u00bb4.20.4&Prime; _module_preset=\u00a0\u00bbdefault\u00a0\u00bb text_text_color=\u00a0\u00bb#FFFFFF\u00a0\u00bb text_font_size=\u00a0\u00bb35px\u00a0\u00bb background_image=\u00a0\u00bbhttps:\/\/eafc-ath.com\/wp-content\/uploads\/2021\/07\/student-writing-on-paper-answer-sheet-min-scaled.jpeg\u00a0\u00bb custom_margin=\u00a0\u00bb||||false|false\u00a0\u00bb custom_padding=\u00a0\u00bb100px||100px||false|false\u00a0\u00bb global_colors_info=\u00a0\u00bb{}\u00a0\u00bb]<\/p>\n<p style=\"text-align: center;\"><span style=\"text-decoration: underline;\"><a href=\"https:\/\/docs.google.com\/forms\/d\/e\/1FAIpQLScMToShnUgVuEuyQ3cfqeJuisGw9Nl7Wdh1n5l7ocm3obD0Yw\/viewform?usp=sf_link\"><strong>Pr\u00e9-inscriptions en ligne <\/strong><\/a><\/span><\/p>\n<p>[\/et_pb_text][\/et_pb_column][\/et_pb_row][et_pb_row _builder_version=\u00a0\u00bb4.16&Prime; _module_preset=\u00a0\u00bbdefault\u00a0\u00bb global_colors_info=\u00a0\u00bb{}\u00a0\u00bb][et_pb_column type=\u00a0\u00bb4_4&Prime; _builder_version=\u00a0\u00bb4.16&Prime; _module_preset=\u00a0\u00bbdefault\u00a0\u00bb global_colors_info=\u00a0\u00bb{}\u00a0\u00bb][et_pb_text _builder_version=\u00a0\u00bb4.20.4&Prime; _module_preset=\u00a0\u00bbdefault\u00a0\u00bb text_text_color=\u00a0\u00bb#000000&Prime; text_font_size=\u00a0\u00bb18px\u00a0\u00bb box_shadow_style=\u00a0\u00bbpreset5&Prime; box_shadow_color=\u00a0\u00bb#E09900&Prime; global_colors_info=\u00a0\u00bb{}\u00a0\u00bb]<\/p>\n<p>&nbsp;<\/p>\n<p>et\u00a0<\/p>\n<table border=\"1\" style=\"height: 768px; width: 100%; border-collapse: collapse; margin-left: auto; margin-right: auto;\">\n<tbody>\n<tr>\n<td style=\"width: 66.6666%; text-align: center;\" colspan=\"2\"><span style=\"color: #000000;\"><strong>AO\u00dbT \/ REINSCRIPTIONS<\/strong><\/span><\/td>\n<\/tr>\n<tr style=\"height: 24px;\">\n<td style=\"width: 33.3333%; height: 24px; text-align: left;\">\n<p>Du mardi 20 au vendredi 23<\/p>\n<p><span style=\"font-family: inherit; font-size: inherit;\">de 10h \u00e0 12h<\/span><\/p>\n<\/td>\n<td style=\"width: 33.3333%; height: 24px;\">Informations par t\u00e9l\u00e9phone \/ email<\/td>\n<\/tr>\n<tr style=\"height: 96px;\">\n<td style=\"width: 33.3333%; height: 96px; text-align: left;\">\n<p>Le mardi 27 ao\u00fbt<\/p>\n<p>de 10h \u00e0 12h et de 15h \u00e0 18h<\/p>\n<\/td>\n<td style=\"width: 33.3333%; height: 96px;\">\n<p>&nbsp;<\/p>\n<p><span style=\"font-family: inherit; font-size: inherit;\">EDUCATEUR G2 et TECHNICIEN DE BUREAU G2<\/span><\/p>\n<\/td>\n<\/tr>\n<tr style=\"height: 24px;\">\n<td style=\"width: 33.3333%; height: 24px;\">\n<p>Le mercredi 28 ao\u00fbt<\/p>\n<p>de 10h \u00e0 12h et\u00a0 14h \u00e0 18h<\/p>\n<\/td>\n<td style=\"width: 33.3333%; height: 24px;\">Certificat d&rsquo;aptitudes p\u00e9dagogiques \u00ab\u00a0CAP\u00a0\u00bb<\/td>\n<\/tr>\n<tr style=\"height: 96px;\">\n<td style=\"width: 33.3333%; height: 96px;\">\n<p>Le jeudi 29 ao\u00fbt<\/p>\n<p>de 10h \u00e0 12h et 14h \u00e0 18h<\/p>\n<\/td>\n<td style=\"width: 33.3333%; height: 96px;\">\n<p>&nbsp;<\/p>\n<p>AIDE-SOIGNANTE et SECRETARIAT MEDICAL<\/p>\n<\/td>\n<\/tr>\n<tr>\n<td style=\"width: 66.6666%; text-align: center;\" colspan=\"2\"><strong>SEPTEMBRE \/ INSCRIPTIONS<\/strong><\/td>\n<\/tr>\n<tr style=\"height: 24px;\">\n<td style=\"width: 33.3333%; height: 24px;\">Le vendredi 30 ao\u00fbt<\/td>\n<td style=\"width: 33.3333%; height: 24px;\">R\u00e9inscription sur rendez-vous<\/td>\n<\/tr>\n<tr style=\"height: 24px;\">\n<td style=\"width: 33.3333%; height: 24px;\">\n<p>Le lundi 2\u00a0 septembre<\/p>\n<p>de 10h \u00e0 12h et de 14h \u00e0 18h<\/p>\n<\/td>\n<td style=\"width: 33.3333%; height: 24px;\">Certificat d&rsquo;aptitudes p\u00e9dagogiques \u00ab\u00a0CAP\u00a0\u00bb<\/td>\n<\/tr>\n<tr style=\"height: 96px;\">\n<td style=\"width: 33.3333%; height: 96px;\">\n<p>Le mardi 3 septembre<\/p>\n<p>de 10h \u00e0 12h et de 14h \u00e0 18h<\/p>\n<p>Test de niveau de 17h30 \u00e0 19h<\/p>\n<\/td>\n<td style=\"width: 33.3333%; height: 96px;\">\n<p>SECRETARIAT MEDICAL<\/p>\n<p>TEST DE NIVEAU: ANGLAIS et\u00a0 ESPAGNOL<\/p>\n<\/td>\n<\/tr>\n<tr style=\"height: 48px;\">\n<td style=\"width: 33.3333%; height: 48px;\">\n<p>Le mercredi 4 septembre<\/p>\n<p>de 10h \u00e0 12h et de 14h \u00e0 18h<\/p>\n<\/td>\n<td style=\"width: 33.3333%; height: 48px;\">Langues: ESPAGNOL et NEERLANDAIS<\/td>\n<\/tr>\n<tr style=\"height: 24px;\">\n<td style=\"width: 33.3333%; height: 24px;\">Le jeudi 5 septembre de 10h \u00e0 12h<\/td>\n<td style=\"width: 33.3333%; height: 24px;\">Certificat d&rsquo;aptitudes p\u00e9dagogiques\u00a0 \u00ab\u00a0CAP\u00a0\u00bb<\/td>\n<\/tr>\n<tr style=\"height: 24px;\">\n<td style=\"width: 33.3333%; height: 24px;\">Le vendredi 6 septembre de 10h \u00e0 12h<\/td>\n<td style=\"width: 33.3333%; height: 24px;\">Fran\u00e7ais langue \u00e9trang\u00e8re \u00ab\u00a0FLE\u00a0\u00bb<\/td>\n<\/tr>\n<tr style=\"height: 24px;\">\n<td style=\"width: 33.3333%; height: 24px;\">\n<p>Le lundi 9 septembre<\/p>\n<p>de 10h \u00e0 12h et de 14h \u00e0 18h<\/p>\n<\/td>\n<td style=\"width: 33.3333%; height: 24px;\">Langue: ANGLAIS<\/td>\n<\/tr>\n<tr style=\"height: 96px;\">\n<td style=\"width: 33.3333%; height: 96px;\">\n<p>Le mardi 10 septembre<\/p>\n<p>de 10h \u00e0 12h et de 14 \u00e0 18h<\/p>\n<\/td>\n<td style=\"width: 33.3333%; height: 96px;\">\n<p>TECHNICIEN DE BUREAU<\/p>\n<\/td>\n<\/tr>\n<tr style=\"height: 24px;\">\n<td style=\"width: 33.3333%; height: 24px;\">\n<p>Le mercredi 11 septembre<\/p>\n<p>de 10h \u00e0 12h et de 14h \u00e0 18h<\/p>\n<\/td>\n<td style=\"width: 33.3333%; height: 24px;\">AIDE-SOIGNANT<\/td>\n<\/tr>\n<tr style=\"height: 96px;\">\n<td style=\"width: 33.3333%; height: 96px;\">\n<p>Le jeudi 12 septembre<\/p>\n<p>de 10h \u00e0 12h et de 14h \u00e0 18h<\/p>\n<p><strong>SEANCE d&rsquo;information\u00a0 17h30<\/strong><\/p>\n<p>&nbsp;<\/p>\n<p>&nbsp;<\/p>\n<p>&nbsp;<\/p>\n<p>&nbsp;<\/p>\n<p>&nbsp;<\/p>\n<\/td>\n<td style=\"width: 33.3333%; height: 96px;\">\n<p>EDUCATEUR G1<\/p>\n<p>&nbsp;<\/p>\n<p>\u00a0<span style=\"font-size: 18px;\">SEANCE D&rsquo;INFORMATION toutes sections confondues<\/span><\/p>\n<p>TEST DE NIVEAU section langues: ANGLAIS \/ ESPAGNOL\/FLE 17h30\u00a0<\/p>\n<\/td>\n<\/tr>\n<tr style=\"height: 24px;\">\n<td style=\"width: 33.3333%; height: 24px;\">\n<p>Le vendredi 13 septembre<\/p>\n<p>de 10h \u00e0 12h<\/p>\n<\/td>\n<td style=\"width: 33.3333%; height: 24px;\">Inscription-\/ r\u00e9inscription sur rendez-vous<\/td>\n<\/tr>\n<tr style=\"height: 24px;\">\n<td style=\"width: 33.3333%; height: 24px;\">\n<p>Le lundi 16 septembre<\/p>\n<p>de 10h \u00e0 12h et de 14 \u00e0 18h<\/p>\n<\/td>\n<td style=\"width: 33.3333%; height: 24px;\">CONNAISANCES DE GESTION<\/td>\n<\/tr>\n<\/tbody>\n<\/table>\n<p>&nbsp;<\/p>\n<p>[\/et_pb_text][\/et_pb_column][\/et_pb_row][et_pb_row _builder_version=\u00a0\u00bb4.20.4&Prime; _module_preset=\u00a0\u00bbdefault\u00a0\u00bb global_colors_info=\u00a0\u00bb{}\u00a0\u00bb][et_pb_column type=\u00a0\u00bb4_4&Prime; _builder_version=\u00a0\u00bb4.19.2&Prime; _module_preset=\u00a0\u00bbdefault\u00a0\u00bb global_colors_info=\u00a0\u00bb{}\u00a0\u00bb][et_pb_text _builder_version=\u00a0\u00bb4.20.4&Prime; _module_preset=\u00a0\u00bbdefault\u00a0\u00bb text_text_color=\u00a0\u00bb#000000&Prime; text_font_size=\u00a0\u00bb18px\u00a0\u00bb global_colors_info=\u00a0\u00bb{}\u00a0\u00bb]<\/p>\n<p><strong>Informations et inscriptions 2024-2025 :<\/strong><\/p>\n<ul>\n<li>En pr\u00e9-inscription en ligne. Compl\u00e9tez les suivant formulaire: <a href=\"https:\/\/docs.google.com\/forms\/d\/e\/1FAIpQLScMToShnUgVuEuyQ3cfqeJuisGw9Nl7Wdh1n5l7ocm3obD0Yw\/viewform?usp=sf_link\">pr\u00e9inscritioneafc-ath24\/25<\/a><\/li>\n<li>Sur rendez-vous \u00e0 prendre au 068\/28.17.44 \u00e0 partir du lundi 19\/08 ou par email \u00e0 <a href=\"mailto:inscriptions.iepscfath@gmail.com\">eafc-ath@gmail.com<\/a><\/li>\n<\/ul>\n<p>Attention :<\/p>\n<ul>\n<li>Les personnes\u00a0 souhaitant s&rsquo;inscrire doivent \u00eatre physiquement pr\u00e9sentes ;<\/li>\n<li>Les cours ne seront organis\u00e9s que si un nombre suffisant d&rsquo;\u00e9tudiants est atteint.<\/li>\n<\/ul>\n<p>Lors de votre passage au secr\u00e9tariat, nous vous demandons de vous munir de votre carte d&rsquo;identit\u00e9, d&rsquo;une copie de votre \u00e9ventuel dipl\u00f4me, de votre num\u00e9ro d&rsquo;inscription au Forem pour les demandeurs d&#8217;emploi, d&rsquo;une attestation CPAS pour les personnes \u00e9mergeants au CPAS, d&rsquo;une attestation d\u00e9livr\u00e9e par une administration publique en situation de handicap.<\/p>\n<p>Le mode de paiement pour votre inscription peut se faire :<\/p>\n<ul>\n<li>Par carte bancaire BANCONTACT ;<\/li>\n<li>Par virement bancaire;<\/li>\n<li>Pas de paiement en liquide accept\u00e9.<\/li>\n<\/ul>\n<p>[\/et_pb_text][\/et_pb_column][\/et_pb_row][\/et_pb_section]<\/p>\n","protected":false},"excerpt":{"rendered":"<p>Inscriptions 2024-2025Pr\u00e9-inscriptions en ligne &nbsp; et\u00a0 AO\u00dbT \/ REINSCRIPTIONS Du mardi 20 au vendredi 23 de 10h \u00e0 12h Informations par t\u00e9l\u00e9phone \/ email Le mardi 27 ao\u00fbt de 10h \u00e0 12h et de 15h \u00e0 18h &nbsp; EDUCATEUR G2 et TECHNICIEN DE BUREAU G2 Le mercredi 28 ao\u00fbt de 10h \u00e0 12h et\u00a0 14h [&hellip;]<\/p>\n","protected":false},"author":2,"featured_media":0,"parent":0,"menu_order":0,"comment_status":"closed","ping_status":"closed","template":"","meta":{"_et_pb_use_builder":"on","_et_pb_old_content":"","_et_gb_content_width":""},"_links":{"self":[{"href":"https:\/\/eafc-ath.com\/index.php\/wp-json\/wp\/v2\/pages\/18"}],"collection":[{"href":"https:\/\/eafc-ath.com\/index.php\/wp-json\/wp\/v2\/pages"}],"about":[{"href":"https:\/\/eafc-ath.com\/index.php\/wp-json\/wp\/v2\/types\/page"}],"author":[{"embeddable":true,"href":"https:\/\/eafc-ath.com\/index.php\/wp-json\/wp\/v2\/users\/2"}],"replies":[{"embeddable":true,"href":"https:\/\/eafc-ath.com\/index.php\/wp-json\/wp\/v2\/comments?post=18"}],"version-history":[{"count":20,"href":"https:\/\/eafc-ath.com\/index.php\/wp-json\/wp\/v2\/pages\/18\/revisions"}],"predecessor-version":[{"id":871,"href":"https:\/\/eafc-ath.com\/index.php\/wp-json\/wp\/v2\/pages\/18\/revisions\/871"}],"wp:attachment":[{"href":"https:\/\/eafc-ath.com\/index.php\/wp-json\/wp\/v2\/media?parent=18"}],"curies":[{"name":"wp","href":"https:\/\/api.w.org\/{rel}","templated":true}]}}