{"id":16,"date":"2021-07-05T17:43:04","date_gmt":"2021-07-05T15:43:04","guid":{"rendered":"https:\/\/eafc-ath.com\/?page_id=16"},"modified":"2021-07-09T15:34:14","modified_gmt":"2021-07-09T13:34:14","slug":"historique","status":"publish","type":"page","link":"https:\/\/eafc-ath.com\/index.php\/historique\/","title":{"rendered":"Historique"},"content":{"rendered":"<p>[et_pb_section fb_built=\u00a0\u00bb1&Prime; _builder_version=\u00a0\u00bb4.9.7&Prime; _module_preset=\u00a0\u00bbdefault\u00a0\u00bb][et_pb_row _builder_version=\u00a0\u00bb4.9.7&Prime; _module_preset=\u00a0\u00bbdefault\u00a0\u00bb][et_pb_column _builder_version=\u00a0\u00bb4.9.7&Prime; _module_preset=\u00a0\u00bbdefault\u00a0\u00bb type=\u00a0\u00bb4_4&Prime;][et_pb_text _builder_version=\u00a0\u00bb4.9.7&Prime; _module_preset=\u00a0\u00bbdefault\u00a0\u00bb text_text_color=\u00a0\u00bb#ffb84d\u00a0\u00bb text_font_size=\u00a0\u00bb30px\u00a0\u00bb hover_enabled=\u00a0\u00bb0&Prime; sticky_enabled=\u00a0\u00bb0&Prime;]<\/p>\n<p><strong>Historique<\/strong><\/p>\n<p>[\/et_pb_text][\/et_pb_column][\/et_pb_row][et_pb_row _builder_version=\u00a0\u00bb4.9.7&Prime; _module_preset=\u00a0\u00bbdefault\u00a0\u00bb][et_pb_column _builder_version=\u00a0\u00bb4.9.7&Prime; _module_preset=\u00a0\u00bbdefault\u00a0\u00bb type=\u00a0\u00bb4_4&Prime;][et_pb_text _builder_version=\u00a0\u00bb4.9.7&Prime; _module_preset=\u00a0\u00bbdefault\u00a0\u00bb hover_enabled=\u00a0\u00bb0&Prime; sticky_enabled=\u00a0\u00bb0&Prime; text_text_color=\u00a0\u00bb#000000&Prime; text_font_size=\u00a0\u00bb16px\u00a0\u00bb]<\/p>\n<p>L&rsquo;enseignement de promotion sociale, organis\u00e9 par le d\u00e9cret du 16 avril 1991 poursuit deux finalit\u00e9s :<\/p>\n<ul>\n<li>Concourir \u00e0 l&rsquo;\u00e9panouissement individuel en promouvant une meilleure insertion professionnelle, sociale, scolaire et culturelle (d\u00e9veloppement des personnes) ;<\/li>\n<li>R\u00e9pondre aux besoins et demandes en formation \u00e9manant des entreprises, des administrations, de l&rsquo;enseignement et d&rsquo;une mani\u00e8re g\u00e9n\u00e9rale, des milieux socio-\u00e9conomiques et culturels (besoins de la soci\u00e9t\u00e9).<\/li>\n<\/ul>\n<p><a href=\"https:\/\/www.gallilex.cfwb.be\/fr\/leg_res_01.php?ncda=16184&amp;referant=l02&amp;bck_ncda=16184&amp;bck_referant=l00\">D\u00e9cret du 16 avril 1991<\/a><\/p>\n<p>[\/et_pb_text][\/et_pb_column][\/et_pb_row][et_pb_row _builder_version=\u00a0\u00bb4.9.7&Prime; _module_preset=\u00a0\u00bbdefault\u00a0\u00bb][et_pb_column _builder_version=\u00a0\u00bb4.9.7&Prime; _module_preset=\u00a0\u00bbdefault\u00a0\u00bb type=\u00a0\u00bb4_4&Prime;][et_pb_gallery _builder_version=\u00a0\u00bb4.9.7&Prime; _module_preset=\u00a0\u00bbdefault\u00a0\u00bb hover_enabled=\u00a0\u00bb0&Prime; sticky_enabled=\u00a0\u00bb0&Prime; gallery_ids=\u00a0\u00bb270,271,272,273,281,280,279,277,276,275,274,282,283,284,285,286,287,288,296,295,294,293,292,291,290,297,298,300,301,299,302,303,309,310,307,308,306,305,304&Prime; posts_number=\u00a0\u00bb100&Prime; show_title_and_caption=\u00a0\u00bboff\u00a0\u00bb show_pagination=\u00a0\u00bboff\u00a0\u00bb][\/et_pb_gallery][\/et_pb_column][\/et_pb_row][\/et_pb_section]<\/p>\n","protected":false},"excerpt":{"rendered":"<p>HistoriqueL&rsquo;enseignement de promotion sociale, organis\u00e9 par le d\u00e9cret du 16 avril 1991 poursuit deux finalit\u00e9s : Concourir \u00e0 l&rsquo;\u00e9panouissement individuel en promouvant une meilleure insertion professionnelle, sociale, scolaire et culturelle (d\u00e9veloppement des personnes) ; R\u00e9pondre aux besoins et demandes en formation \u00e9manant des entreprises, des administrations, de l&rsquo;enseignement et d&rsquo;une mani\u00e8re g\u00e9n\u00e9rale, des milieux socio-\u00e9conomiques [&hellip;]<\/p>\n","protected":false},"author":2,"featured_media":0,"parent":0,"menu_order":0,"comment_status":"closed","ping_status":"closed","template":"","meta":{"_et_pb_use_builder":"on","_et_pb_old_content":"","_et_gb_content_width":""},"_links":{"self":[{"href":"https:\/\/eafc-ath.com\/index.php\/wp-json\/wp\/v2\/pages\/16"}],"collection":[{"href":"https:\/\/eafc-ath.com\/index.php\/wp-json\/wp\/v2\/pages"}],"about":[{"href":"https:\/\/eafc-ath.com\/index.php\/wp-json\/wp\/v2\/types\/page"}],"author":[{"embeddable":true,"href":"https:\/\/eafc-ath.com\/index.php\/wp-json\/wp\/v2\/users\/2"}],"replies":[{"embeddable":true,"href":"https:\/\/eafc-ath.com\/index.php\/wp-json\/wp\/v2\/comments?post=16"}],"version-history":[{"count":5,"href":"https:\/\/eafc-ath.com\/index.php\/wp-json\/wp\/v2\/pages\/16\/revisions"}],"predecessor-version":[{"id":311,"href":"https:\/\/eafc-ath.com\/index.php\/wp-json\/wp\/v2\/pages\/16\/revisions\/311"}],"wp:attachment":[{"href":"https:\/\/eafc-ath.com\/index.php\/wp-json\/wp\/v2\/media?parent=16"}],"curies":[{"name":"wp","href":"https:\/\/api.w.org\/{rel}","templated":true}]}}